{"id":1097,"date":"2019-05-14T08:52:06","date_gmt":"2019-05-14T08:52:06","guid":{"rendered":"https:\/\/promo-theme.com\/mato\/?page_id=1097"},"modified":"2019-05-14T08:52:06","modified_gmt":"2019-05-14T08:52:06","slug":"blog-horizontal","status":"publish","type":"page","link":"https:\/\/thewritersjourneyiisff.com\/index.php\/blog-horizontal\/","title":{"rendered":"Blog Horizontal"},"content":{"rendered":"<section class=\"wpb-content-wrapper\"><p>[vc_row][vc_column]      <div class=\"heading-block heading-5cdc0e9373c0d tal h-h1 vc_custom_1557925647726\">\n                  <h1 class=\"h\">Blog <span>Horizontal<\/span><\/h1>\n              <\/div>\n    [\/vc_column][vc_column offset=&#8221;vc_col-lg-8 vc_col-md-7&#8243; uniqid=&#8221;5cdc0e9f7b92e&#8221;]      <div class=\"blog-block filter-block blog-5cda819fdfe7e vc_custom_1557831186487\">\n                <div class=\" blog-items row isotope blog-horizontal\">\n                      <div class=\"grid-sizer col-1\"><\/div>\n                                  <article class=\"blog-item  col-12 category-uncategorized\">\n              <div class=\"wrap  wpb_animate_when_almost_visible wpb_fadeInLeft fadeInLeft\">\n                                  <div class=\"a-img\">\n                                          <div style=\"background-image: url(https:\/\/thewritersjourneyiisff.com\/wp-content\/uploads\/2023\/02\/WhatsApp-Image-2023-02-25-at-17.56.34-3-e1677450360659.jpeg)\"><\/div>\n                                        <a href=\"https:\/\/thewritersjourneyiisff.com\/index.php\/2023\/02\/26\/ataturk-and-the-global-world\/\" data-magic-cursor=\"link-w-text\" data-magic-cursor-text=\"View\"><\/a>\n                  <\/div>\n                                <div class=\"content\">\n                                      <div class=\"date\">February 26, 2023<\/div>\n                                      <h5 class=\"title\"><a href=\"https:\/\/thewritersjourneyiisff.com\/index.php\/2023\/02\/26\/ataturk-and-the-global-world\/\">Ataturk And The Global World<\/a><\/h5>\n                                      <div class=\"desc\">Mustafa Kemal Atat\u00fcrk was born in 1881 in Thessaloniki, Kocakasim District, in a three-storey pink house on Islahhane Street. His father is Ali R\u0131za Efendi and his mother is Z\u00fcbeyde Han\u0131m. His paternal grandfather Haf\u0131z Ahmet Efendi XIV-XV. It is one of the Kocac\u0131k nomads settled in Macedonia from Konya and Ayd\u0131n in the ...<\/div>\n                                      <a class=\"button-style1\" href=\"https:\/\/thewritersjourneyiisff.com\/index.php\/2023\/02\/26\/ataturk-and-the-global-world\/\"><span>Read More<\/span><\/a>\n                                  <\/div>\n              <\/div>\n            <\/article>\n                                  <article class=\"blog-item  col-12 category-uncategorized\">\n              <div class=\"wrap  wpb_animate_when_almost_visible wpb_fadeInLeft fadeInLeft\">\n                                  <div class=\"a-img\">\n                                          <div style=\"background-image: url(https:\/\/thewritersjourneyiisff.com\/wp-content\/uploads\/2023\/02\/akm-1024x768.jpeg)\"><\/div>\n                                        <a href=\"https:\/\/thewritersjourneyiisff.com\/index.php\/2023\/02\/26\/ataturk-cultural-center\/\" data-magic-cursor=\"link-w-text\" data-magic-cursor-text=\"View\"><\/a>\n                  <\/div>\n                                <div class=\"content\">\n                                      <div class=\"date\">February 26, 2023<\/div>\n                                      <h5 class=\"title\"><a href=\"https:\/\/thewritersjourneyiisff.com\/index.php\/2023\/02\/26\/ataturk-cultural-center\/\">Atat\u00fcrk Cultural Center<\/a><\/h5>\n                                      <div class=\"desc\">We are excited that the award ceremony of the first year of our festival will take place at the Atat\u00fcrk Cultural Center, which hosts valuable artists and groups from Turkey and abroad who want to be a part of this scene with its halls with impeccable acoustic properties and new event areas.<\/div>\n                                      <a class=\"button-style1\" href=\"https:\/\/thewritersjourneyiisff.com\/index.php\/2023\/02\/26\/ataturk-cultural-center\/\"><span>Read More<\/span><\/a>\n                                  <\/div>\n              <\/div>\n            <\/article>\n                                  <article class=\"blog-item  col-12 category-uncategorized\">\n              <div class=\"wrap  wpb_animate_when_almost_visible wpb_fadeInLeft fadeInLeft\">\n                                  <div class=\"a-img\">\n                                          <div style=\"background-image: url(https:\/\/thewritersjourneyiisff.com\/wp-content\/uploads\/2023\/02\/Adsiz-1280-\u00d7-1280-piksel-Masaustu-Duvar-Kagidi-1024x576.png)\"><\/div>\n                                        <a href=\"https:\/\/thewritersjourneyiisff.com\/index.php\/2023\/02\/26\/rules-terms\/\" data-magic-cursor=\"link-w-text\" data-magic-cursor-text=\"View\"><\/a>\n                  <\/div>\n                                <div class=\"content\">\n                                      <div class=\"date\">February 26, 2023<\/div>\n                                      <h5 class=\"title\"><a href=\"https:\/\/thewritersjourneyiisff.com\/index.php\/2023\/02\/26\/rules-terms\/\">Rules & Terms\u00a0<\/a><\/h5>\n                                      <div class=\"desc\">At the end of last year, Bumblebee emerged as one of the big surprise blockbusters of the year. While Transformers movies of the past didn\u2019t fare all that well when it came to approval from critics, the Travis Knight film upended that trend, and seduced both writers and audiences with an effortless charm, wonderful heart...<\/div>\n                                      <a class=\"button-style1\" href=\"https:\/\/thewritersjourneyiisff.com\/index.php\/2023\/02\/26\/rules-terms\/\"><span>Read More<\/span><\/a>\n                                  <\/div>\n              <\/div>\n            <\/article>\n                                  <article class=\"blog-item  col-12 category-uncategorized\">\n              <div class=\"wrap  wpb_animate_when_almost_visible wpb_fadeInLeft fadeInLeft\">\n                                  <div class=\"a-img\">\n                                          <div style=\"background-image: url(https:\/\/thewritersjourneyiisff.com\/wp-content\/uploads\/2023\/02\/WhatsApp-Image-2024-04-22-at-09.02.29-1024x654.jpeg)\"><\/div>\n                                        <a href=\"https:\/\/thewritersjourneyiisff.com\/index.php\/2023\/02\/26\/note-from-the-festival-director\/\" data-magic-cursor=\"link-w-text\" data-magic-cursor-text=\"View\"><\/a>\n                  <\/div>\n                                <div class=\"content\">\n                                      <div class=\"date\">February 26, 2023<\/div>\n                                      <h5 class=\"title\"><a href=\"https:\/\/thewritersjourneyiisff.com\/index.php\/2023\/02\/26\/note-from-the-festival-director\/\">Note From The Festival Director<\/a><\/h5>\n                                      <div class=\"desc\">In its primitive form, in the jungle villages of the broad equatorial belt stretching from Africa to the east, through India to Southeast Asia, from the Ocean to Brazil; It is known that there is no birth and death, but both exist with his murder, telling a dream-like beginning time. Brings an image from incalculable tim...<\/div>\n                                      <a class=\"button-style1\" href=\"https:\/\/thewritersjourneyiisff.com\/index.php\/2023\/02\/26\/note-from-the-festival-director\/\"><span>Read More<\/span><\/a>\n                                  <\/div>\n              <\/div>\n            <\/article>\n                  <\/div>\n              <\/div>\n      [\/vc_column][vc_column offset=&#8221;vc_col-lg-4 vc_col-md-5&#8243; uniqid=&#8221;5cdc0ebb0ab9f&#8221;][vc_widget_sidebar sidebar_id=&#8221;sidebar&#8221;][\/vc_column][\/vc_row]<\/p>\n<\/section>","protected":false},"excerpt":{"rendered":"<p>[vc_row][vc_column][\/vc_column][vc_column offset=&#8221;vc_col-lg-8 vc_col-md-7&#8243; uniqid=&#8221;5cdc0e9f7b92e&#8221;][\/vc_column][vc_column offset=&#8221;vc_col-lg-4 vc_col-md-5&#8243; uniqid=&#8221;5cdc0ebb0ab9f&#8221;][vc_widget_sidebar sidebar_id=&#8221;sidebar&#8221;][\/vc_column][\/vc_row]<\/p>\n","protected":false},"author":1,"featured_media":0,"parent":0,"menu_order":0,"comment_status":"closed","ping_status":"closed","template":"template-landing.php","meta":{"_acf_changed":false,"footnotes":""},"class_list":["post-1097","page","type-page","status-publish","hentry"],"acf":[],"_links":{"self":[{"href":"https:\/\/thewritersjourneyiisff.com\/index.php\/wp-json\/wp\/v2\/pages\/1097","targetHints":{"allow":["GET"]}}],"collection":[{"href":"https:\/\/thewritersjourneyiisff.com\/index.php\/wp-json\/wp\/v2\/pages"}],"about":[{"href":"https:\/\/thewritersjourneyiisff.com\/index.php\/wp-json\/wp\/v2\/types\/page"}],"author":[{"embeddable":true,"href":"https:\/\/thewritersjourneyiisff.com\/index.php\/wp-json\/wp\/v2\/users\/1"}],"replies":[{"embeddable":true,"href":"https:\/\/thewritersjourneyiisff.com\/index.php\/wp-json\/wp\/v2\/comments?post=1097"}],"version-history":[{"count":0,"href":"https:\/\/thewritersjourneyiisff.com\/index.php\/wp-json\/wp\/v2\/pages\/1097\/revisions"}],"wp:attachment":[{"href":"https:\/\/thewritersjourneyiisff.com\/index.php\/wp-json\/wp\/v2\/media?parent=1097"}],"curies":[{"name":"wp","href":"https:\/\/api.w.org\/{rel}","templated":true}]}}