{"id":1223,"date":"2019-05-16T09:25:20","date_gmt":"2019-05-16T09:25:20","guid":{"rendered":"https:\/\/promo-theme.com\/mato\/?page_id=1223"},"modified":"2019-05-16T09:25:20","modified_gmt":"2019-05-16T09:25:20","slug":"slider","status":"publish","type":"page","link":"https:\/\/thewritersjourneyiisff.com\/index.php\/gallery\/slider\/","title":{"rendered":"Slider"},"content":{"rendered":"<section class=\"wpb-content-wrapper\"><p>[vc_row css=&#8221;.vc_custom_1557998741532{padding-bottom: 40px !important;}&#8221; uniqid=&#8221;5cdd2c8fcca9e&#8221;][vc_column]      <div class=\"heading-block heading-5cdd2723f9933 tal h-h1 vc_custom_1557998747201\">\n                  <h1 class=\"h\">Gallery<\/h1>\n              <\/div>\n    \t\t\t\t\t\t\t<div class=\"portfolio-block portfolio-5cdd277e7ae77  wpb_animate_when_almost_visible wpb_fadeInLeft fadeInLeft popup-gallery\">\n\t\t\t\t\t\t\t\t\t\t\t<div class=\"portfolio-slider-prev swiper-container\" data-magic-cursor=\"link\">\n\t\t\t\t\t\t\t<i class=\"base-icon-back\"><\/i>\n\t\t\t\t\t\t\t<div class=\"swiper-wrapper\">\n\t\t\t\t\t\t\t\t\t\t\t\t\t\t\t\t\t<div class=\"swiper-slide\">12<\/div>\n\t\t\t\t\t\t\t\t\t\t\t\t\t\t\t\t\t<div class=\"swiper-slide\">01<\/div>\n\t\t\t\t\t\t\t\t\t\t\t\t\t\t\t\t\t<div class=\"swiper-slide\">02<\/div>\n\t\t\t\t\t\t\t\t\t\t\t\t\t\t\t\t\t<div class=\"swiper-slide\">03<\/div>\n\t\t\t\t\t\t\t\t\t\t\t\t\t\t\t\t\t<div class=\"swiper-slide\">04<\/div>\n\t\t\t\t\t\t\t\t\t\t\t\t\t\t\t\t\t<div class=\"swiper-slide\">05<\/div>\n\t\t\t\t\t\t\t\t\t\t\t\t\t\t\t\t\t<div class=\"swiper-slide\">06<\/div>\n\t\t\t\t\t\t\t\t\t\t\t\t\t\t\t\t\t<div class=\"swiper-slide\">07<\/div>\n\t\t\t\t\t\t\t\t\t\t\t\t\t\t\t\t\t<div class=\"swiper-slide\">08<\/div>\n\t\t\t\t\t\t\t\t\t\t\t\t\t\t\t\t\t<div class=\"swiper-slide\">09<\/div>\n\t\t\t\t\t\t\t\t\t\t\t\t\t\t\t\t\t<div class=\"swiper-slide\">10<\/div>\n\t\t\t\t\t\t\t\t\t\t\t\t\t\t\t\t\t<div class=\"swiper-slide\">11<\/div>\n\t\t\t\t\t\t\t\t\t\t\t\t\t\t\t<\/div>\n\t\t\t\t\t\t<\/div>\n\t\t\t\t\t\t<div class=\"portfolio-slider-next swiper-container\" data-magic-cursor=\"link\">\n\t\t\t\t\t\t\t<i class=\"base-icon-next-1\"><\/i>\n\t\t\t\t\t\t\t<div class=\"swiper-wrapper\">\n\t\t\t\t\t\t\t\t\t\t\t\t\t\t\t\t\t<div class=\"swiper-slide\">02<\/div>\n\t\t\t\t\t\t\t\t\t\t\t\t\t\t\t\t\t<div class=\"swiper-slide\">03<\/div>\n\t\t\t\t\t\t\t\t\t\t\t\t\t\t\t\t\t<div class=\"swiper-slide\">04<\/div>\n\t\t\t\t\t\t\t\t\t\t\t\t\t\t\t\t\t<div class=\"swiper-slide\">05<\/div>\n\t\t\t\t\t\t\t\t\t\t\t\t\t\t\t\t\t<div class=\"swiper-slide\">06<\/div>\n\t\t\t\t\t\t\t\t\t\t\t\t\t\t\t\t\t<div class=\"swiper-slide\">07<\/div>\n\t\t\t\t\t\t\t\t\t\t\t\t\t\t\t\t\t<div class=\"swiper-slide\">08<\/div>\n\t\t\t\t\t\t\t\t\t\t\t\t\t\t\t\t\t<div class=\"swiper-slide\">09<\/div>\n\t\t\t\t\t\t\t\t\t\t\t\t\t\t\t\t\t<div class=\"swiper-slide\">10<\/div>\n\t\t\t\t\t\t\t\t\t\t\t\t\t\t\t\t\t<div class=\"swiper-slide\">11<\/div>\n\t\t\t\t\t\t\t\t\t\t\t\t\t\t\t\t\t<div class=\"swiper-slide\">12<\/div>\n\t\t\t\t\t\t\t\t\t\t\t\t\t\t\t\t\t<div class=\"swiper-slide\">01<\/div>\n\t\t\t\t\t\t\t\t\t\t\t\t\t\t\t<\/div>\n\t\t\t\t\t\t<\/div>\n\t\t\t\t\t\t\t\t\t\t<div class=\"portfolio-slider swiper-container\">\n\t\t\t\t\t\t<div class=\"swiper-wrapper\">\n\t\t\t\t\t\t\t\t\t<div class=\"ps-item swiper-slide popup-item post-357 fw-portfolio type-fw-portfolio status-publish has-post-thumbnail hentry\">\n\t\t\t<h5 class=\"h title-with-dots\"><span class=\"num\">01<\/span>SETENAY ACI<\/h5>\n\t\t\t<div class=\"img-block\">\n\t\t\t\t<div class=\"img\" style=\"background-image: url(https:\/\/thewritersjourneyiisff.com\/wp-content\/uploads\/2023\/02\/WhatsApp-Image-2024-04-22-at-09.02.29-1024x654.jpeg);\"><\/div>\n\t\t\t\t<a href=\"https:\/\/thewritersjourneyiisff.com\/wp-content\/uploads\/2023\/02\/WhatsApp-Image-2024-04-22-at-09.02.29.jpeg\" data-size=\"1600x1022\" data-magic-cursor=\"link-w-text\" data-magic-cursor-text=\"View\" data-id=\"1\"><\/a>\t\t\t<\/div>\n\t\t<\/div>\n\t\t\t\t<div class=\"ps-item swiper-slide popup-item post-1712 fw-portfolio type-fw-portfolio status-publish has-post-thumbnail hentry\">\n\t\t\t<h5 class=\"h title-with-dots\"><span class=\"num\">02<\/span>TAMER LEVENT<\/h5>\n\t\t\t<div class=\"img-block\">\n\t\t\t\t<div class=\"img\" style=\"background-image: url(https:\/\/thewritersjourneyiisff.com\/wp-content\/uploads\/2025\/10\/WhatsApp-Image-2025-10-04-at-11.54.51-1024x1024.jpeg);\"><\/div>\n\t\t\t\t<a href=\"https:\/\/thewritersjourneyiisff.com\/wp-content\/uploads\/2025\/10\/WhatsApp-Image-2025-10-04-at-11.54.51.jpeg\" data-size=\"1600x1600\" data-magic-cursor=\"link-w-text\" data-magic-cursor-text=\"View\" data-id=\"2\"><\/a>\t\t\t<\/div>\n\t\t<\/div>\n\t\t\t\t<div class=\"ps-item swiper-slide popup-item post-1716 fw-portfolio type-fw-portfolio status-publish has-post-thumbnail hentry\">\n\t\t\t<h5 class=\"h title-with-dots\"><span class=\"num\">03<\/span>HAMD\u0130 ALKAN<\/h5>\n\t\t\t<div class=\"img-block\">\n\t\t\t\t<div class=\"img\" style=\"background-image: url(https:\/\/thewritersjourneyiisff.com\/wp-content\/uploads\/2025\/10\/WhatsApp-Image-2025-10-04-at-11.54.30-1024x1024.jpeg);\"><\/div>\n\t\t\t\t<a href=\"https:\/\/thewritersjourneyiisff.com\/wp-content\/uploads\/2025\/10\/WhatsApp-Image-2025-10-04-at-11.54.30.jpeg\" data-size=\"1600x1600\" data-magic-cursor=\"link-w-text\" data-magic-cursor-text=\"View\" data-id=\"3\"><\/a>\t\t\t<\/div>\n\t\t<\/div>\n\t\t\t\t<div class=\"ps-item swiper-slide popup-item post-363 fw-portfolio type-fw-portfolio status-publish has-post-thumbnail hentry\">\n\t\t\t<h5 class=\"h title-with-dots\"><span class=\"num\">04<\/span>ERKAN KOL\u00c7AK K\u00d6STEND\u0130L<\/h5>\n\t\t\t<div class=\"img-block\">\n\t\t\t\t<div class=\"img\" style=\"background-image: url(https:\/\/thewritersjourneyiisff.com\/wp-content\/uploads\/2023\/08\/WhatsApp-Image-2023-08-24-at-19.16.11.jpeg);\"><\/div>\n\t\t\t\t<a href=\"https:\/\/thewritersjourneyiisff.com\/wp-content\/uploads\/2023\/08\/WhatsApp-Image-2023-08-24-at-19.16.11.jpeg\" data-size=\"817x1024\" data-magic-cursor=\"link-w-text\" data-magic-cursor-text=\"View\" data-id=\"4\"><\/a>\t\t\t<\/div>\n\t\t<\/div>\n\t\t\t\t<div class=\"ps-item swiper-slide popup-item post-365 fw-portfolio type-fw-portfolio status-publish has-post-thumbnail hentry\">\n\t\t\t<h5 class=\"h title-with-dots\"><span class=\"num\">05<\/span>MUSTAFA KARACAN<\/h5>\n\t\t\t<div class=\"img-block\">\n\t\t\t\t<div class=\"img\" style=\"background-image: url(https:\/\/thewritersjourneyiisff.com\/wp-content\/uploads\/2023\/02\/MUSTAFA-KARACAN-legal-adviser-683x1024.jpeg);\"><\/div>\n\t\t\t\t<a href=\"https:\/\/thewritersjourneyiisff.com\/wp-content\/uploads\/2023\/02\/MUSTAFA-KARACAN-legal-adviser.jpeg\" data-size=\"800x1200\" data-magic-cursor=\"link-w-text\" data-magic-cursor-text=\"View\" data-id=\"5\"><\/a>\t\t\t<\/div>\n\t\t<\/div>\n\t\t\t\t<div class=\"ps-item swiper-slide popup-item post-1565 fw-portfolio type-fw-portfolio status-publish has-post-thumbnail hentry\">\n\t\t\t<h5 class=\"h title-with-dots\"><span class=\"num\">06<\/span>AHMET \u015e\u0130\u015eMAN<\/h5>\n\t\t\t<div class=\"img-block\">\n\t\t\t\t<div class=\"img\" style=\"background-image: url(https:\/\/thewritersjourneyiisff.com\/wp-content\/uploads\/2023\/02\/ahmet-sisman-chief-Jury-member.jpeg);\"><\/div>\n\t\t\t\t<a href=\"https:\/\/thewritersjourneyiisff.com\/wp-content\/uploads\/2023\/02\/ahmet-sisman-chief-Jury-member.jpeg\" data-size=\"170x161\" data-magic-cursor=\"link-w-text\" data-magic-cursor-text=\"View\" data-id=\"6\"><\/a>\t\t\t<\/div>\n\t\t<\/div>\n\t\t\t\t<div class=\"ps-item swiper-slide popup-item post-1568 fw-portfolio type-fw-portfolio status-publish has-post-thumbnail hentry\">\n\t\t\t<h5 class=\"h title-with-dots\"><span class=\"num\">07<\/span>EBRU \u00c7\u00d6MLEK\u00c7\u0130<\/h5>\n\t\t\t<div class=\"img-block\">\n\t\t\t\t<div class=\"img\" style=\"background-image: url(https:\/\/thewritersjourneyiisff.com\/wp-content\/uploads\/2024\/03\/WhatsApp-Image-2024-03-13-at-15.08.13-2-1024x1024.jpeg);\"><\/div>\n\t\t\t\t<a href=\"https:\/\/thewritersjourneyiisff.com\/wp-content\/uploads\/2024\/03\/WhatsApp-Image-2024-03-13-at-15.08.13-2.jpeg\" data-size=\"1080x1080\" data-magic-cursor=\"link-w-text\" data-magic-cursor-text=\"View\" data-id=\"7\"><\/a>\t\t\t<\/div>\n\t\t<\/div>\n\t\t\t\t<div class=\"ps-item swiper-slide popup-item post-1580 fw-portfolio type-fw-portfolio status-publish has-post-thumbnail hentry\">\n\t\t\t<h5 class=\"h title-with-dots\"><span class=\"num\">08<\/span>G\u00d6RKEM KENANO\u011eLU<\/h5>\n\t\t\t<div class=\"img-block\">\n\t\t\t\t<div class=\"img\" style=\"background-image: url(https:\/\/thewritersjourneyiisff.com\/wp-content\/uploads\/2023\/08\/WhatsApp-Image-2023-08-24-at-19.22.16-1024x653.jpeg);\"><\/div>\n\t\t\t\t<a href=\"https:\/\/thewritersjourneyiisff.com\/wp-content\/uploads\/2023\/08\/WhatsApp-Image-2023-08-24-at-19.22.16.jpeg\" data-size=\"1080x689\" data-magic-cursor=\"link-w-text\" data-magic-cursor-text=\"View\" data-id=\"8\"><\/a>\t\t\t<\/div>\n\t\t<\/div>\n\t\t\t\t<div class=\"ps-item swiper-slide popup-item post-1584 fw-portfolio type-fw-portfolio status-publish has-post-thumbnail hentry\">\n\t\t\t<h5 class=\"h title-with-dots\"><span class=\"num\">09<\/span>CANAN MUTLUER<\/h5>\n\t\t\t<div class=\"img-block\">\n\t\t\t\t<div class=\"img\" style=\"background-image: url(https:\/\/thewritersjourneyiisff.com\/wp-content\/uploads\/2023\/08\/WhatsApp-Image-2023-09-07-at-11.04.43.jpeg);\"><\/div>\n\t\t\t\t<a href=\"https:\/\/thewritersjourneyiisff.com\/wp-content\/uploads\/2023\/08\/WhatsApp-Image-2023-09-07-at-11.04.43.jpeg\" data-size=\"856x1024\" data-magic-cursor=\"link-w-text\" data-magic-cursor-text=\"View\" data-id=\"9\"><\/a>\t\t\t<\/div>\n\t\t<\/div>\n\t\t\t\t<div class=\"ps-item swiper-slide popup-item post-1607 fw-portfolio type-fw-portfolio status-publish has-post-thumbnail hentry\">\n\t\t\t<h5 class=\"h title-with-dots\"><span class=\"num\">10<\/span>GAL\u0130P G\u00dcNER<\/h5>\n\t\t\t<div class=\"img-block\">\n\t\t\t\t<div class=\"img\" style=\"background-image: url(https:\/\/thewritersjourneyiisff.com\/wp-content\/uploads\/2023\/09\/WhatsApp-Image-2024-03-13-at-15.08.11-1024x1024.jpeg);\"><\/div>\n\t\t\t\t<a href=\"https:\/\/thewritersjourneyiisff.com\/wp-content\/uploads\/2023\/09\/WhatsApp-Image-2024-03-13-at-15.08.11.jpeg\" data-size=\"1080x1080\" data-magic-cursor=\"link-w-text\" data-magic-cursor-text=\"View\" data-id=\"10\"><\/a>\t\t\t<\/div>\n\t\t<\/div>\n\t\t\t\t<div class=\"ps-item swiper-slide popup-item post-1616 fw-portfolio type-fw-portfolio status-publish has-post-thumbnail hentry\">\n\t\t\t<h5 class=\"h title-with-dots\"><span class=\"num\">11<\/span>ONUR \u015eENER<\/h5>\n\t\t\t<div class=\"img-block\">\n\t\t\t\t<div class=\"img\" style=\"background-image: url(https:\/\/thewritersjourneyiisff.com\/wp-content\/uploads\/2025\/04\/WhatsApp-Image-2025-04-08-at-19.25.06-819x1024.jpeg);\"><\/div>\n\t\t\t\t<a href=\"https:\/\/thewritersjourneyiisff.com\/wp-content\/uploads\/2025\/04\/WhatsApp-Image-2025-04-08-at-19.25.06.jpeg\" data-size=\"1080x1350\" data-magic-cursor=\"link-w-text\" data-magic-cursor-text=\"View\" data-id=\"11\"><\/a>\t\t\t<\/div>\n\t\t<\/div>\n\t\t\t\t<div class=\"ps-item swiper-slide popup-item post-1620 fw-portfolio type-fw-portfolio status-publish has-post-thumbnail hentry\">\n\t\t\t<h5 class=\"h title-with-dots\"><span class=\"num\">12<\/span>\u00d6MER FARUK G\u00dcNE\u015e<\/h5>\n\t\t\t<div class=\"img-block\">\n\t\t\t\t<div class=\"img\" style=\"background-image: url(https:\/\/thewritersjourneyiisff.com\/wp-content\/uploads\/2025\/04\/WhatsApp-Image-2025-04-08-at-19.25.07-819x1024.jpeg);\"><\/div>\n\t\t\t\t<a href=\"https:\/\/thewritersjourneyiisff.com\/wp-content\/uploads\/2025\/04\/WhatsApp-Image-2025-04-08-at-19.25.07.jpeg\" data-size=\"1080x1350\" data-magic-cursor=\"link-w-text\" data-magic-cursor-text=\"View\" data-id=\"12\"><\/a>\t\t\t<\/div>\n\t\t<\/div>\n\t\t\t\t\t\t\t\t<\/div>\n\t\t\t\t\t<\/div>\n\t\t\t\t<\/div>\n\t\t\t\t\t\t[\/vc_column][\/vc_row]<\/p>\n<\/section>","protected":false},"excerpt":{"rendered":"<p>[vc_row css=&#8221;.vc_custom_1557998741532{padding-bottom: 40px !important;}&#8221; uniqid=&#8221;5cdd2c8fcca9e&#8221;][vc_column][\/vc_column][\/vc_row]<\/p>\n","protected":false},"author":1,"featured_media":0,"parent":596,"menu_order":0,"comment_status":"closed","ping_status":"closed","template":"template-landing.php","meta":{"_acf_changed":false,"footnotes":""},"class_list":["post-1223","page","type-page","status-publish","hentry"],"acf":[],"_links":{"self":[{"href":"https:\/\/thewritersjourneyiisff.com\/index.php\/wp-json\/wp\/v2\/pages\/1223","targetHints":{"allow":["GET"]}}],"collection":[{"href":"https:\/\/thewritersjourneyiisff.com\/index.php\/wp-json\/wp\/v2\/pages"}],"about":[{"href":"https:\/\/thewritersjourneyiisff.com\/index.php\/wp-json\/wp\/v2\/types\/page"}],"author":[{"embeddable":true,"href":"https:\/\/thewritersjourneyiisff.com\/index.php\/wp-json\/wp\/v2\/users\/1"}],"replies":[{"embeddable":true,"href":"https:\/\/thewritersjourneyiisff.com\/index.php\/wp-json\/wp\/v2\/comments?post=1223"}],"version-history":[{"count":0,"href":"https:\/\/thewritersjourneyiisff.com\/index.php\/wp-json\/wp\/v2\/pages\/1223\/revisions"}],"up":[{"embeddable":true,"href":"https:\/\/thewritersjourneyiisff.com\/index.php\/wp-json\/wp\/v2\/pages\/596"}],"wp:attachment":[{"href":"https:\/\/thewritersjourneyiisff.com\/index.php\/wp-json\/wp\/v2\/media?parent=1223"}],"curies":[{"name":"wp","href":"https:\/\/api.w.org\/{rel}","templated":true}]}}