{"id":1651,"date":"2024-06-21T18:41:09","date_gmt":"2024-06-21T18:41:09","guid":{"rendered":"https:\/\/thewritersjourneyiisff.com\/?page_id=1651"},"modified":"2024-06-21T21:46:34","modified_gmt":"2024-06-21T21:46:34","slug":"2024-award-and-selection-list","status":"publish","type":"page","link":"https:\/\/thewritersjourneyiisff.com\/index.php\/2024-award-and-selection-list\/","title":{"rendered":"2024 International The Writer\u2019s Journey Film Festival \u201cAward and Selection\u201d List"},"content":{"rendered":"<section class=\"wpb-content-wrapper\"><p>[vc_row][vc_column][vc_column_text]<div style=\"width: 1080px;\" class=\"wp-video\"><!--[if lt IE 9]><script>document.createElement('video');<\/script><![endif]-->\n<video class=\"wp-video-shortcode\" id=\"video-1651-1\" width=\"1080\" height=\"1080\" loop autoplay preload=\"metadata\" controls=\"controls\"><source type=\"video\/mp4\" src=\"https:\/\/thewritersjourneyiisff.com\/wp-content\/uploads\/2024\/06\/WhatsApp-Video-2024-06-21-at-19.26.31-1.mp4?_=1\" \/><a href=\"https:\/\/thewritersjourneyiisff.com\/wp-content\/uploads\/2024\/06\/WhatsApp-Video-2024-06-21-at-19.26.31-1.mp4\">https:\/\/thewritersjourneyiisff.com\/wp-content\/uploads\/2024\/06\/WhatsApp-Video-2024-06-21-at-19.26.31-1.mp4<\/a><\/video><\/div>\n<ul>\n<li style=\"text-align: left;\"><span style=\"font-family: 'times new roman', times, serif;\">The Last Harvest \/ Osman Emre, Volkan Sezai Suda<\/span><\/li>\n<li style=\"text-align: left;\"><span style=\"font-family: 'times new roman', times, serif;\"><a href=\"https:\/\/filmfreeway.com\/submissions\/27648328\">AVCI<\/a> \/ \u00d6ZDEN\u0130Z PEKTA\u015e<\/span><\/li>\n<li style=\"text-align: left;\"><span style=\"font-family: 'times new roman', times, serif;\">Lost in Darkness, Seeking Hope \/ Delfin Erberdi, Rana Bastan, Nehir Misirlioglu<\/span><\/li>\n<li style=\"text-align: left;\"><span style=\"font-family: 'times new roman', times, serif;\"><a href=\"https:\/\/filmfreeway.com\/submissions\/26150506\">FATHER&#8217;S DAY GIFT<\/a> \/ EMRE Y\u00dcKSEL<\/span><\/li>\n<li style=\"text-align: left;\"><span style=\"font-family: 'times new roman', times, serif;\"><a href=\"https:\/\/filmfreeway.com\/submissions\/26850095\">BARAK (HOLYDOG)<\/a> \/ Yaman Mahir Yamaner<\/span><\/li>\n<li style=\"text-align: left;\"><span style=\"font-family: 'times new roman', times, serif;\"><a href=\"https:\/\/filmfreeway.com\/submissions\/26979122\">The Acquaintances<\/a> \/ MEHMET ATAMEN<\/span><\/li>\n<li style=\"text-align: left;\"><span style=\"font-family: 'times new roman', times, serif;\"><a href=\"https:\/\/filmfreeway.com\/submissions\/28608701\">Memory<\/a> \/ BURAK \u00c7ITANAK<\/span><\/li>\n<li style=\"text-align: left;\"><span style=\"font-family: 'times new roman', times, serif;\"><a href=\"https:\/\/filmfreeway.com\/submissions\/27257440\">Hayat\u0131n Sesi Belgesel Film<\/a><\/span><\/li>\n<li style=\"text-align: left;\"><span style=\"font-family: 'times new roman', times, serif;\">IF THEY ASK WHAT IT IS; IT IS A LEAF \/ \u0130D\u0130L O\u011eUZHAN<\/span><\/li>\n<li style=\"text-align: left;\"><span style=\"font-family: 'times new roman', times, serif;\"><a href=\"https:\/\/filmfreeway.com\/submissions\/26880688\">Elephant in the Room<\/a><\/span><\/li>\n<li style=\"text-align: left;\"><span style=\"font-family: 'times new roman', times, serif;\"><a href=\"https:\/\/filmfreeway.com\/submissions\/28845206\">The boy<\/a> \/ EY\u00dcPCAN YANAR<\/span><\/li>\n<li style=\"text-align: left;\"><span style=\"font-family: 'times new roman', times, serif;\"><a href=\"https:\/\/filmfreeway.com\/submissions\/25038393\">The Key<\/a> \/ Muhammed Hasan eren, Mihriban Eren<\/span><\/li>\n<li style=\"text-align: left;\"><span style=\"font-family: 'times new roman', times, serif;\">Non-testamentary matters \/ Yunus Emre Boylu<\/span><\/li>\n<li style=\"text-align: left;\"><span style=\"font-family: 'times new roman', times, serif;\">AZRAEL \/ Selin Uzal<\/span><\/li>\n<li style=\"text-align: left;\"><span style=\"font-family: 'times new roman', times, serif;\">The Jacket \/ NAZLI PINAR AYDIN<\/span><\/li>\n<li style=\"text-align: left;\"><span style=\"font-family: 'times new roman', times, serif;\">&#8220;SCENE 1 ROLL 1&#8221; \/ &#8220;SAHNE 1 PLAN 1&#8243;\/ MUHAMMED AKTA\u015e<\/span><\/li>\n<li style=\"text-align: left;\"><span style=\"font-family: 'times new roman', times, serif;\">AV \/ KAZIM MUTLU <\/span><\/li>\n<li style=\"text-align: left;\"><span style=\"font-family: 'times new roman', times, serif;\">Counting Operator Fatma \/ Serkan EGESOY<\/span><\/li>\n<li style=\"text-align: left;\"><span style=\"font-family: 'times new roman', times, serif;\">Rezzan \/ \u00d6zlem Bayku\u015f<\/span><\/li>\n<li style=\"text-align: left;\"><span style=\"font-family: 'times new roman', times, serif;\">The Galactic Treasure \/ Ecem \u00c7\u00f6rtle<\/span><\/li>\n<li style=\"text-align: left;\"><span style=\"font-family: 'times new roman', times, serif;\">Elephant in the Room \/ HAZAL \u00d6ZEN<\/span><\/li>\n<li style=\"text-align: left;\"><span style=\"font-family: 'times new roman', times, serif;\">F\u0130ND ME \/ Elif Ayb\u00fcke Akdere<\/span><\/li>\n<li style=\"text-align: left;\"><span style=\"font-family: 'times new roman', times, serif;\">POLIGALA \/ S\u00dcLEYMAN KUN<\/span><\/li>\n<li style=\"text-align: left;\"><span style=\"font-family: 'times new roman', times, serif;\">Eylul&#8217;s Ladybugs \/ Burcak Harputluoglu<\/span><\/li>\n<li style=\"text-align: left;\"><span style=\"font-family: 'times new roman', times, serif;\">the phone call \/ \u015fevket akbolat<\/span><\/li>\n<li style=\"text-align: left;\"><span style=\"font-family: 'times new roman', times, serif;\">Behind The Curtain \/ \u0130clal Yi\u011fito\u011flu<\/span><\/li>\n<li style=\"text-align: left;\"><span style=\"font-family: 'times new roman', times, serif;\">The Puppet \/ \u00d6NDER UMUT AK\u00c7AY<\/span><\/li>\n<li style=\"text-align: left;\"><span style=\"font-family: 'times new roman', times, serif;\">DEQ \/ Furkan Ayd\u0131n<\/span><\/li>\n<li style=\"text-align: left;\"><span style=\"font-family: 'times new roman', times, serif;\">Confined \/ Ecem \u00c7\u00f6rtle<\/span><\/li>\n<li style=\"text-align: left;\"><span style=\"font-family: 'times new roman', times, serif;\">Yellow flowers \/ Ramazan Y\u0131ld\u0131r\u0131m<\/span><\/li>\n<li style=\"text-align: left;\"><span style=\"font-family: 'times new roman', times, serif;\">STENDHAL \/ Berk K\u00f6se, Ferit Do\u011fan<\/span><\/li>\n<li style=\"text-align: left;\"><span style=\"font-family: 'times new roman', times, serif;\">THEMIS\/ Ali Ulvi Altunelli<\/span><\/li>\n<li style=\"text-align: left;\"><span style=\"font-family: 'times new roman', times, serif;\">The Way \/ OKAN BATUR<\/span><\/li>\n<li style=\"text-align: left;\"><span style=\"font-family: 'times new roman', times, serif;\">Salto Mortale \/ N\u0130HAT VURAN<\/span><\/li>\n<li style=\"text-align: left;\"><span style=\"font-family: 'times new roman', times, serif;\">3-1=3 \/ Nilsu Albayrak<\/span><\/li>\n<li style=\"text-align: left;\"><span style=\"font-family: 'times new roman', times, serif;\">Omid \/ didar aglac guzelkara<\/span><\/li>\n<li style=\"text-align: left;\"><span style=\"font-family: 'times new roman', times, serif;\">Arkada\u015floch &#8211; Nobody&#8217;s Problem \/ Nilay K\u0131l\u0131n\u00e7, Markus Bauer, Alexander Brugger<\/span><\/li>\n<li style=\"text-align: left;\"><span style=\"font-family: 'times new roman', times, serif;\">Egaliter \/ Orhan Burak Acar<\/span><\/li>\n<li style=\"text-align: left;\"><span style=\"font-family: 'times new roman', times, serif;\">SILENT LETTER \/ EMRE KARADEM\u0130R<\/span><\/li>\n<li style=\"text-align: left;\"><span style=\"font-family: 'times new roman', times, serif;\">Not There \/ EMRE \u00c7UBUK\u00c7U<\/span><\/li>\n<li style=\"text-align: left;\"><span style=\"font-family: 'times new roman', times, serif;\">Memory \/ Burak \u00c7\u0131tanak<\/span><\/li>\n<li style=\"text-align: left;\"><span style=\"font-family: 'times new roman', times, serif;\">Helezon De\u011fi\u015fken \/ Cihan Abdal<\/span><\/li>\n<li style=\"text-align: left;\"><span style=\"font-family: 'times new roman', times, serif;\">Circle \/ Berkan Aktepe<\/span><\/li>\n<li style=\"text-align: left;\"><span style=\"font-family: 'times new roman', times, serif;\">Shell \/ Mustafa Emir Uluocak<\/span><\/li>\n<li style=\"text-align: left;\"><span style=\"font-family: 'times new roman', times, serif;\">The Spirit of the Place \/ Burcu Dabak<\/span><\/li>\n<li style=\"text-align: left;\"><span style=\"font-family: 'times new roman', times, serif;\">Duvar Duvar \/ Wall, The Wall \/ Yusuf \u00d6lmez<\/span><\/li>\n<li style=\"text-align: left;\"><span style=\"font-family: 'times new roman', times, serif;\">Well\/ L\u00fctf\u00fc Sezer<\/span><\/li>\n<li style=\"text-align: left;\"><span style=\"font-family: 'times new roman', times, serif;\">HIDDEN \/ EDA ARISOY<\/span><\/li>\n<li style=\"text-align: left;\"><span style=\"font-family: 'times new roman', times, serif;\">The Best Day In My Life \/Semih Sa\u011fman<\/span><\/li>\n<li style=\"text-align: left;\"><span style=\"font-family: 'times new roman', times, serif;\">SAL\u00c7A\/BITTER \/ BURAK OGUZ SAGUNER<\/span><\/li>\n<li style=\"text-align: left;\"><span style=\"font-family: 'times new roman', times, serif;\">PERIPETEIA \/ MERVE GEZEN<\/span><\/li>\n<li style=\"text-align: left;\"><span style=\"font-family: 'times new roman', times, serif;\">NO TIME \/ Engin ALTINTAS<\/span><\/li>\n<li style=\"text-align: left;\"><span style=\"font-family: 'times new roman', times, serif;\">Bir Mavi Kalp \/ One blue heart \/ Bahar Elif Akyuz<\/span><\/li>\n<\/ul>\n<div style=\"width: 1080px;\" class=\"wp-video\"><video class=\"wp-video-shortcode\" id=\"video-1651-2\" width=\"1080\" height=\"1080\" loop autoplay preload=\"metadata\" controls=\"controls\"><source type=\"video\/mp4\" src=\"https:\/\/thewritersjourneyiisff.com\/wp-content\/uploads\/2024\/06\/WhatsApp-Video-2024-06-21-at-19.26.31.mp4?_=2\" \/><a href=\"https:\/\/thewritersjourneyiisff.com\/wp-content\/uploads\/2024\/06\/WhatsApp-Video-2024-06-21-at-19.26.31.mp4\">https:\/\/thewritersjourneyiisff.com\/wp-content\/uploads\/2024\/06\/WhatsApp-Video-2024-06-21-at-19.26.31.mp4<\/a><\/video><\/div>\n<ul>\n<li style=\"text-align: left;\">Terminus \/ US<\/li>\n<li style=\"text-align: left;\">Last Call \/ US<\/li>\n<li style=\"text-align: left;\">The Old Man In The Rocking Chair \/ US<\/li>\n<li style=\"text-align: left;\">The Journey: The Future of Kazakh Nomads \/ JAPAN<\/li>\n<li style=\"text-align: left;\">REFUGIO \/ US<\/li>\n<li style=\"text-align: left;\">Golden Lies \/ CHINA<\/li>\n<li style=\"text-align: left;\">Save Generation Ua \/ UKRAINE<\/li>\n<li style=\"text-align: left;\">Octa &#8211; Global trading made clear \/ United Arab Emirates<\/li>\n<li style=\"text-align: left;\">Pets&#8217; Corner \/ UNITED KINGDOM<\/li>\n<li style=\"text-align: left;\">You Can Take It With You \/ US<\/li>\n<li style=\"text-align: left;\">Life Savers \/ POLAND<\/li>\n<li style=\"text-align: left;\">THE SEEKING \/ CHINA<\/li>\n<li style=\"text-align: left;\">The Offer \/ CHINA<\/li>\n<li style=\"text-align: left;\">METEOR \/ CANADA<\/li>\n<li style=\"text-align: left;\">Treasure \/ UNITED KINGDOM<\/li>\n<li style=\"text-align: left;\">The Three Stones \/ US<\/li>\n<li style=\"text-align: left;\">Healing Roots \/ Germany<\/li>\n<li style=\"text-align: left;\">Two Dreams Two Births (short) \/ U.S<\/li>\n<li style=\"text-align: left;\">Splendor Solis \/ Poland<\/li>\n<li style=\"text-align: left;\">Shafted \/ US<\/li>\n<li style=\"text-align: left;\">Knife, Chocolate \/ IRAN<\/li>\n<li style=\"text-align: left;\">Farewell memories \/ China<\/li>\n<li style=\"text-align: left;\">Makyaj \/ GERMANY<\/li>\n<li style=\"text-align: left;\">For child never born \/ IRAN<\/li>\n<li style=\"text-align: left;\">Outside \/ Netherlands<\/li>\n<li style=\"text-align: left;\">Fredom from today \/ Cyprus<\/li>\n<li style=\"text-align: left;\">Seven Flavours \/ Spain<\/li>\n<li style=\"text-align: left;\">Little Known Ways To Rid Yourself From Your Pulp \/Jordan<\/li>\n<li style=\"text-align: left;\">Pregnant\/ IRAN<\/li>\n<li style=\"text-align: left;\">THE CURSE EFFECT \/ US<\/li>\n<li style=\"text-align: left;\">Carne e Sangue \/ US<\/li>\n<li style=\"text-align: left;\">509 \/ PAKISTAN<\/li>\n<li style=\"text-align: left;\">To Esteban \/ CUBA<\/li>\n<li style=\"text-align: left;\">The Last Lordship \/ UNITED STATES<\/li>\n<li style=\"text-align: left;\">Ava&#8217;s New World \/ United States<\/li>\n<li style=\"text-align: left;\">Script In Progress \/ FRANCE<\/li>\n<li style=\"text-align: left;\">Winter Blitz 1799-The 12th Night \/<\/li>\n<li style=\"text-align: left;\">O Come Emmanuel \/ UNITED STATES<\/li>\n<li style=\"text-align: left;\">A four letter word \/ UNITED STATES<\/li>\n<li style=\"text-align: left;\">Pheromone City \/ Australia<\/li>\n<li style=\"text-align: left;\">The Iron Arhat Tea \/ Singapore<\/li>\n<li style=\"text-align: left;\">IT&#8217;S ONLY ONE LEG LESS \/ ITALY<\/li>\n<li style=\"text-align: left;\">&#8220;The Business Deal&#8221; \/ U.S<\/li>\n<li style=\"text-align: left;\">Deception \/ Indonesia<\/li>\n<li style=\"text-align: left;\">The Last Sketch \/ Germany<\/li>\n<li style=\"text-align: left;\">EL MALE \/ Belgium<\/li>\n<li style=\"text-align: left;\">Saturday Morning Live\/ Republic of Georgia Episode\/ US<\/li>\n<li style=\"text-align: left;\">Snowy Plateau \/ CHINA<\/li>\n<li style=\"text-align: left;\"><span style=\"color: initial; font-family: -apple-system, BlinkMacSystemFont, 'Segoe UI', Roboto, Oxygen-Sans, Ubuntu, Cantarell, 'Helvetica Neue', sans-serif;\">1. COVID \/ INDIA<\/span><\/li>\n<li style=\"text-align: left;\">Stone \/ Kyrgyzstan<\/li>\n<li style=\"text-align: left;\">Fool&#8217;s stone \/ JAPAN<\/li>\n<li style=\"text-align: left;\">Rigor Mortis \/ Poland<\/li>\n<li style=\"text-align: left;\">Buzen Suites \/ United States<\/li>\n<li style=\"text-align: left;\">The Black Man \/ Russian Federation<\/li>\n<li style=\"text-align: left;\">Between Garbage and God \/ United Kingdom<\/li>\n<li style=\"text-align: left;\">Angie \/ BRAZIL<\/li>\n<li style=\"text-align: left;\">A Delicate Design \/ United States<\/li>\n<li style=\"text-align: left;\">The Underground \/ United States<\/li>\n<li style=\"text-align: left;\">Bad GameZ \/ United States<\/li>\n<li style=\"text-align: left;\">The Fifth Ring AKA Vagabond Samurai \/ United States<\/li>\n<li style=\"text-align: left;\">PHOBIA \/Korea, Republic of<\/li>\n<li style=\"text-align: left;\">LOVE SIGN \/ BULGARIA<\/li>\n<li style=\"text-align: left;\">Citizen Surgery Research Kitchen \/ UNITED KINGDOM<\/li>\n<li style=\"text-align: left;\">Culture vs war. Liberov \/ UKRAINE<\/li>\n<li style=\"text-align: left;\">Culture vs war. Serhiy Zhadan<\/li>\n<li style=\"text-align: left;\">To Esteban \/ CUBA<\/li>\n<li style=\"text-align: left;\">Tyrannosaurus Blues \/ ITALY<\/li>\n<li style=\"text-align: left;\">Planet Ocean Blues \/ CANADA<\/li>\n<li style=\"text-align: left;\">A story about reunion \/ CHINA<\/li>\n<li style=\"text-align: left;\">Half Steel \/ GERMANY<\/li>\n<li style=\"text-align: left;\">A Time to Wallow \/ UNITED KINGDOM<\/li>\n<li style=\"text-align: left;\">The Signal And The Noise \/ US<\/li>\n<li style=\"text-align: left;\">The correct path \/ CHINA<\/li>\n<li style=\"text-align: left;\">Sinner \/ UNITED KINGDOM<\/li>\n<li style=\"text-align: left;\">Four Seasons Green \/ CHINA<\/li>\n<li style=\"text-align: left;\">Outcry \/ CHINA<\/li>\n<li style=\"text-align: left;\">The Rise of the Black Dragon \/ SOUTH AFRICA<\/li>\n<li style=\"text-align: left;\">SelfBound \/ US<\/li>\n<li style=\"text-align: left;\">Sand hourglasses \/ ITALY<\/li>\n<li style=\"text-align: left;\">Red balloon \/ PERU<\/li>\n<li style=\"text-align: left;\">Way Out (Original Game EP Soundtrack\/ CHINA<\/li>\n<li style=\"text-align: left;\">The Next Pandemic \/ US<\/li>\n<li style=\"text-align: left;\">WARP YARN \/ Russian Federation<\/li>\n<li style=\"text-align: left;\">Come! let\u2019s march to Una.<\/li>\n<li style=\"text-align: left;\">Out of the Box Office \/ US<\/li>\n<li style=\"text-align: left;\">Review \/ US<\/li>\n<li style=\"text-align: left;\">Twinkle \/ CANADA<\/li>\n<li style=\"text-align: left;\">AI-lice Through the Looking Glass \/ Switzerland<\/li>\n<li style=\"text-align: left;\">Unplugged Auras \/ US<\/li>\n<li style=\"text-align: left;\">New&#8217;s_Cool &#8211; Pilot<\/li>\n<li style=\"text-align: left;\">The Group (Balagam) \/ INDIA<\/li>\n<li style=\"text-align: left;\">I Guess I Got Good At Hiding \/ AUSTRALIA<\/li>\n<li style=\"text-align: left;\">Dairy Disclosed \/ US<\/li>\n<li style=\"text-align: left;\">Sarin \/ US<\/li>\n<li style=\"text-align: left;\">Impasse \/ POLAND<\/li>\n<li style=\"text-align: left;\">The Sea \/ IRAN<\/li>\n<li style=\"text-align: left;\">WITCH, REBORN\/ UNITED KINGDOM<\/li>\n<li style=\"text-align: left;\">The Kernel \/ UKRAINE<\/li>\n<li style=\"text-align: left;\">The Fourteen Days ,<\/li>\n<li style=\"text-align: left;\">The Pharmacist ,<\/li>\n<li style=\"text-align: left;\">Night in Venice \/ UKRAINE<\/li>\n<li style=\"text-align: left;\">Anonymous \/ BRAZIL<\/li>\n<li style=\"text-align: left;\">Folly \/ CHINA<\/li>\n<li style=\"text-align: left;\">Ashes living in cracks and hollows \/ NORWAY<\/li>\n<li style=\"text-align: left;\">See Through Desperation \/ BRAZIL<\/li>\n<li style=\"text-align: left;\">Naldi&#8217;s Workshop \/ PUERTO RICO<\/li>\n<li style=\"text-align: left;\">Crown \/ INDONESIA<\/li>\n<li style=\"text-align: left;\">Curettage \/ IRAN<\/li>\n<li style=\"text-align: left;\">\uff08\uff12\uff14\uff0e\uff18\uff0e\uff12\uff10\uff12\uff12\uff09 The fourth day in Taiwan\/ JAPAN<\/li>\n<li style=\"text-align: left;\">Mourning Dove \/ US<\/li>\n<li style=\"text-align: left;\">Gladiators \/ IRAN<\/li>\n<\/ul>\n<div style=\"width: 1080px;\" class=\"wp-video\"><video class=\"wp-video-shortcode\" id=\"video-1651-3\" width=\"1080\" height=\"1080\" loop autoplay preload=\"auto\" controls=\"controls\"><source type=\"video\/mp4\" src=\"https:\/\/thewritersjourneyiisff.com\/wp-content\/uploads\/2024\/06\/WhatsApp-Video-2024-06-21-at-19.25.00-1.mp4?_=3\" \/><a href=\"https:\/\/thewritersjourneyiisff.com\/wp-content\/uploads\/2024\/06\/WhatsApp-Video-2024-06-21-at-19.25.00-1.mp4\">https:\/\/thewritersjourneyiisff.com\/wp-content\/uploads\/2024\/06\/WhatsApp-Video-2024-06-21-at-19.25.00-1.mp4<\/a><\/video><\/div>\n<ul>\n<li style=\"text-align: left;\">The Last Instituteers<\/li>\n<li style=\"text-align: left;\">The Last Dinner<\/li>\n<li style=\"text-align: left;\">Mortis<\/li>\n<li style=\"text-align: left;\">Shelter<\/li>\n<li style=\"text-align: left;\">Empath 0.1<\/li>\n<li style=\"text-align: left;\">In Hindsight<\/li>\n<li style=\"text-align: left;\">The Last Day of Friendships<\/li>\n<li style=\"text-align: left;\">Belgin: The Manifestation of Potential, SatchitAnanda<\/li>\n<li style=\"text-align: left;\">Illusion<\/li>\n<li style=\"text-align: left;\">The Letters<\/li>\n<li style=\"text-align: left;\">Enosis<\/li>\n<li style=\"text-align: left;\">Tempus<\/li>\n<li style=\"text-align: left;\">Wednesday<\/li>\n<li style=\"text-align: left;\">Running Away<\/li>\n<li style=\"text-align: left;\">Groundskeeper<\/li>\n<li style=\"text-align: left;\">Bu? (Do you forget with me?)<\/li>\n<li style=\"text-align: left;\">Jade Rain<\/li>\n<li style=\"text-align: left;\">The Letters<\/li>\n<li style=\"text-align: left;\">Enosis<\/li>\n<li style=\"text-align: left;\">Tempus<\/li>\n<li style=\"text-align: left;\">Wednesday<\/li>\n<li style=\"text-align: left;\">Running Away<\/li>\n<li style=\"text-align: left;\">Groundskeeper<\/li>\n<li style=\"text-align: left;\">Bu? (Do you forget with me?)<\/li>\n<li style=\"text-align: left;\">Jade Rain<\/li>\n<li style=\"text-align: left;\">Road Stranded<\/li>\n<li style=\"text-align: left;\">Reflections of Mythology in the Bosphorus<\/li>\n<\/ul>\n<div style=\"width: 1080px;\" class=\"wp-video\"><video class=\"wp-video-shortcode\" id=\"video-1651-4\" width=\"1080\" height=\"1080\" loop autoplay preload=\"metadata\" controls=\"controls\"><source type=\"video\/mp4\" src=\"https:\/\/thewritersjourneyiisff.com\/wp-content\/uploads\/2024\/06\/WhatsApp-Video-2024-06-21-at-19.25.00.mp4?_=4\" \/><a href=\"https:\/\/thewritersjourneyiisff.com\/wp-content\/uploads\/2024\/06\/WhatsApp-Video-2024-06-21-at-19.25.00.mp4\">https:\/\/thewritersjourneyiisff.com\/wp-content\/uploads\/2024\/06\/WhatsApp-Video-2024-06-21-at-19.25.00.mp4<\/a><\/video><\/div>\n<ul>\n<li style=\"text-align: left;\">On \/ Off &#8211; Argentina<\/li>\n<li style=\"text-align: left;\">DEMONS WAY Summer Souls -United Kingdom<\/li>\n<li style=\"text-align: left;\">Dream Farm &#8211; United States<\/li>\n<li style=\"text-align: left;\">No Halloween this year &#8211; Greece<\/li>\n<li style=\"text-align: left;\">Fever &#8211; Iran<\/li>\n<li style=\"text-align: left;\">Dojo &#8211; United States<\/li>\n<li style=\"text-align: left;\">\u2018Eff Off!\u2019 Monologue &#8211; United Kingdom<\/li>\n<li style=\"text-align: left;\">Rubi &amp; Aram &#8211; Romania<\/li>\n<li style=\"text-align: left;\">Sahan Shakti &#8211; Fortitude &#8211; United Kingdom<\/li>\n<li style=\"text-align: left;\">Ax\u00e9, Salvador! &#8211; Italy<\/li>\n<li style=\"text-align: left;\">Conej Steps Out &#8211; Spain<\/li>\n<li style=\"text-align: left;\">MALIK HARRIS Sticks &amp; Stones- Germany<\/li>\n<li style=\"text-align: left;\">The Next Girl &#8211; United States<\/li>\n<li style=\"text-align: left;\">Encounters &#8211; Italy<\/li>\n<li style=\"text-align: left;\">PENTACLUB [The Club of Five] &#8211; Italy<\/li>\n<li style=\"text-align: left;\">New life- Italy<\/li>\n<li style=\"text-align: left;\">OCEAN: Import &amp; Export- United Kingdom<\/li>\n<li style=\"text-align: left;\">Out of the Fog &#8211; France<\/li>\n<li style=\"text-align: left;\">PURE &#8211; United States<\/li>\n<li style=\"text-align: left;\">WHITE BOOMERANG &#8211; Greece<\/li>\n<li style=\"text-align: left;\">Lucky the Rescued Cow: From Solitude to Serenity &#8211; United States<\/li>\n<li style=\"text-align: left;\">The Love Stories of Luvin Arms &#8211; United States<\/li>\n<li style=\"text-align: left;\">Wonder Pigs &#8211; United States<\/li>\n<\/ul>\n<p>[\/vc_column_text][\/vc_column][\/vc_row]<\/p>\n<\/section>","protected":false},"excerpt":{"rendered":"<p>[vc_row][vc_column][vc_column_text] The Last Harvest \/ Osman Emre, Volkan Sezai Suda AVCI \/ \u00d6ZDEN\u0130Z PEKTA\u015e Lost in Darkness, Seeking Hope \/ Delfin Erberdi, Rana Bastan, Nehir Misirlioglu FATHER&#8217;S DAY GIFT \/ EMRE Y\u00dcKSEL BARAK (HOLYDOG) \/ Yaman Mahir Yamaner The Acquaintances \/ MEHMET ATAMEN Memory \/ BURAK \u00c7ITANAK Hayat\u0131n Sesi Belgesel Film IF THEY ASK WHAT [&hellip;]<\/p>\n","protected":false},"author":1,"featured_media":0,"parent":0,"menu_order":0,"comment_status":"closed","ping_status":"closed","template":"template-landing.php","meta":{"_acf_changed":false,"footnotes":""},"class_list":["post-1651","page","type-page","status-publish","hentry"],"acf":[],"_links":{"self":[{"href":"https:\/\/thewritersjourneyiisff.com\/index.php\/wp-json\/wp\/v2\/pages\/1651","targetHints":{"allow":["GET"]}}],"collection":[{"href":"https:\/\/thewritersjourneyiisff.com\/index.php\/wp-json\/wp\/v2\/pages"}],"about":[{"href":"https:\/\/thewritersjourneyiisff.com\/index.php\/wp-json\/wp\/v2\/types\/page"}],"author":[{"embeddable":true,"href":"https:\/\/thewritersjourneyiisff.com\/index.php\/wp-json\/wp\/v2\/users\/1"}],"replies":[{"embeddable":true,"href":"https:\/\/thewritersjourneyiisff.com\/index.php\/wp-json\/wp\/v2\/comments?post=1651"}],"version-history":[{"count":19,"href":"https:\/\/thewritersjourneyiisff.com\/index.php\/wp-json\/wp\/v2\/pages\/1651\/revisions"}],"predecessor-version":[{"id":1684,"href":"https:\/\/thewritersjourneyiisff.com\/index.php\/wp-json\/wp\/v2\/pages\/1651\/revisions\/1684"}],"wp:attachment":[{"href":"https:\/\/thewritersjourneyiisff.com\/index.php\/wp-json\/wp\/v2\/media?parent=1651"}],"curies":[{"name":"wp","href":"https:\/\/api.w.org\/{rel}","templated":true}]}}