{"id":577,"date":"2019-04-22T11:57:56","date_gmt":"2019-04-22T11:57:56","guid":{"rendered":"https:\/\/promo-theme.com\/mato\/?page_id=577"},"modified":"2024-06-21T18:35:25","modified_gmt":"2024-06-21T18:35:25","slug":"about-us","status":"publish","type":"page","link":"https:\/\/thewritersjourneyiisff.com\/index.php\/about-us\/","title":{"rendered":"About Us"},"content":{"rendered":"<section class=\"wpb-content-wrapper\"><p>[vc_row full_width=&#8221;stretch_row_content_no_spaces&#8221; uniqid=&#8221;5cd93467e61fb&#8221;][vc_column]    <section class=\"banner-area banner-area-5cd921458e92c banner-default\">\n            <div class=\"banner-item tal\" style=\"height: 380px;\">\n        \n    <div class=\"bg-overlay\">\n                        <div class=\"image\" data-parallax=\"true\" data-image-src=\"https:\/\/thewritersjourneyiisff.com\/wp-content\/uploads\/2023\/02\/Adsiz-1280-\u00d7-1280-piksel-Masaustu-Duvar-Kagidi-1.png\" data-position-y=\"center\" data-speed=\"0.8\"><\/div>\n                                <div class=\"color\"><\/div>\n          <\/div>\n\n            <div class=\"container\">\n          <div class=\"row align-items-center fixed-height\" style=\"height: 380px;\">\n            <div class=\"col\">\n                              <div class=\"heading-block tal\">\n                                      <div class=\"sub-h\">explore<\/div>\n                                      <h1 class=\"h\"><span>About Us<\/span><\/h1>\n                                  <\/div>\n                              <a class=\"play-button-style2 single-popup-item\" href=\"#\" data-magic-cursor=\"link\" data-type=\"video\" data-size=\"1920x1080\" data-video='<div class=\"wrapper\"><div class=\"video-wrapper\"><iframe loading=\"lazy\" class=\"pswp__video\" width=\"1920\" height=\"1080\" src=\"https:\/\/youtube.com\/embed\/zJ7hUvU-d2Q?rel=0&#038;\" frameborder=\"0\" allowfullscreen><\/iframe><\/div><\/div>'>\n                  <svg>\n                    <use xlink:href=\"#dotted-circle\"><\/use>\n                  <\/svg>\n                  <i class=\"essential-compilation-play-button\"><\/i>\n                  <i class=\"essential-compilation-play-button\"><\/i>\n                  <span>Play<\/span>\n                <\/a>\n                          <\/div>\n          <\/div>\n        <\/div>\n      <\/div>\n    <\/section>\n    [\/vc_column][\/vc_row][vc_row css=&#8221;.vc_custom_1557739916940{padding-top: 45px !important;padding-bottom: 0px !important;}&#8221; uniqid=&#8221;5cd9387346374&#8243;][vc_column][vc_column_text]From all over the world, the International Istanbul Short Film Festival \/ the Writer&#8217;s Journey is preparing to embrace everyone who is creative, original, brave and has a problem to express.<br \/>\nYou can be sure that we will help your story get a chance to stand out and overcome sectoral challenges.<br \/>\nEvery idea has the luxury of being seen and appreciated.<br \/>\nIt may be your first work, or you may be an experienced one. You can be assertive in composition and colors. At the Writer&#8217;s Journey, for the first time, non-budgeted filmmakers will be screened together with famous talents and experienced professionals having multi-million dollar budgets at the most eclectic film festival anywhere in the world.<br \/>\nThis year, our organizations will be opening their doors with a surprise ceremony where you can experience the magical atmosphere of Istanbul. We will be happy to share your excitement while welcoming our guests from all over the world. We would like you to be sure that we will be there and help you whenever you want. Let&#8217;s get together!<br \/>\nA note for all the candidates competing in the national category: Your projects will be evaluated carefully.<br \/>\nThe world of short films is as vast as an ocean and your competitors are much more than you think. The purpose of the foundation of our festival is to increase the chance of the potential you want to reveal and to be on your side regarding the issues you want to express. Be sure that each application will be evaluated devotedly.<br \/>\nWhile we do not want to put limits on the application categories, we tried to make the platform as free as possible so that they can be evaluated as broadly as possible.<br \/>\nWe are aware that the path you have taken with your issue is full of difficult and courageous themes. We hope that we can create memories of walking together on your life journey.<\/p>\n<p>As an additional and important category, we wanted to include a Vegan themed category related to animal rights. In our world where global warming, challenging pandemic conditions and economic processes are not going well, we will be looking forward to your works that will reveal our awareness. The grief of the world triggers us all at some point. We are all connected to each other by invisible threads, and it is our responsibility to make the cosmic bond healthy in relation to the grief of the world. We find this issue important at the festival.<\/p>\n<p>While aiming for a spectacular night that includes an awards ceremony, International Istanbul Short Film &amp; the Writer\u2019s Journey will make the pre-selection on a monthly basis. Each month&#8217;s selections will be shortlisted for a grand elimination at the end of the year, and finally, from these, the finalists will be selected.[\/vc_column_text][\/vc_column][\/vc_row][vc_row][vc_column]\t\t\t\t\t\t\t<div class=\"portfolio-carousel portfolio-5cd938d6c17b0 popup-gallery\">\n\t\t\t\t\t<div class=\"content\">\n\t\t\t\t\t\t\t\t\t\t\t\t\t<div class=\"heading-block with-dots\">\n\t\t\t\t\t\t\t\t<h2 class=\"h\">FESTIVAL<br \/>\n<span>JURY<\/span><\/h2>\n\t\t\t\t\t\t\t<\/div>\n\t\t\t\t\t\t\t\t\t\t\t\t\t<div class=\"nav\">\n\t\t\t\t\t\t\t\t\t\t\t\t\t\t\t\t\t<div class=\"prev base-icon-back\" data-magic-cursor=\"link-small\"><\/div>\n\t\t\t\t\t\t\t\t\t\t\t\t\t\t\t\t\t<div class=\"counter\"><\/div>\n\t\t\t\t\t\t\t\t\t\t\t\t\t\t\t\t\t<div class=\"next base-icon-next-1\" data-magic-cursor=\"link-small\"><\/div>\n\t\t\t\t\t\t\t\t\t\t\t\t\t\t\t<\/div>\n\t\t\t\t\t\t\t\t\t\t\t\t<div class=\"description\"><\/div>\n\t\t\t\t\t\t<a class=\"button-style1\" href=\"#\"><span>watch full portfolio<\/span><\/a>\n\t\t\t\t\t<\/div>\n\t\t\t\t\t<div class=\"slider-block swiper-container\">\n\t\t\t\t\t\t<div class=\"swiper-wrapper\">\n\t\t\t\t\t\t\t\t\t<article class=\" popup-item swiper-slide\" data-permalink=\"https:\/\/thewritersjourneyiisff.com\/index.php\/project\/the-bridge\/\">\n\t\t\t<div class=\"portfolio-item-grid post-357 fw-portfolio type-fw-portfolio status-publish has-post-thumbnail hentry\">\n\t\t\t\t<div class=\"img-block\">\n\t\t\t\t\t\t\t\t\t\t\t<div style=\"background-image: url(https:\/\/thewritersjourneyiisff.com\/wp-content\/uploads\/2023\/02\/WhatsApp-Image-2024-04-22-at-09.02.29-1024x654.jpeg)\"><\/div>\n\t\t\t\t\t\t\t\t\t<\/div>\n\t\t\t\t<div class=\"content\">\n\t\t\t\t\t<div class=\"num\">01<\/div>\n\t\t\t\t\t<h5 class=\"h\">SETENAY ACI<\/h5>\n\t\t\t\t\t<div class=\"cat\"><\/div>\n\t\t\t\t<\/div>\n\t\t\t\t<a href=\"https:\/\/thewritersjourneyiisff.com\/wp-content\/uploads\/2023\/02\/WhatsApp-Image-2024-04-22-at-09.02.29.jpeg\" data-size=\"1600x1022\" data-magic-cursor=\"link-w-text\" data-magic-cursor-text=\"View\" data-id=\"1\"><\/a>\t\t\t<\/div>\n\t\t<\/article>\n\t\t\t\t<article class=\" popup-item swiper-slide\" data-permalink=\"https:\/\/thewritersjourneyiisff.com\/index.php\/project\/tamer-levent\/\">\n\t\t\t<div class=\"portfolio-item-grid post-1712 fw-portfolio type-fw-portfolio status-publish has-post-thumbnail hentry\">\n\t\t\t\t<div class=\"img-block\">\n\t\t\t\t\t\t\t\t\t\t\t<div style=\"background-image: url(https:\/\/thewritersjourneyiisff.com\/wp-content\/uploads\/2025\/10\/WhatsApp-Image-2025-10-04-at-11.54.51-1024x1024.jpeg)\"><\/div>\n\t\t\t\t\t\t\t\t\t<\/div>\n\t\t\t\t<div class=\"content\">\n\t\t\t\t\t<div class=\"num\">02<\/div>\n\t\t\t\t\t<h5 class=\"h\">TAMER LEVENT<\/h5>\n\t\t\t\t\t<div class=\"cat\"><\/div>\n\t\t\t\t<\/div>\n\t\t\t\t<a href=\"https:\/\/thewritersjourneyiisff.com\/wp-content\/uploads\/2025\/10\/WhatsApp-Image-2025-10-04-at-11.54.51.jpeg\" data-size=\"1600x1600\" data-magic-cursor=\"link-w-text\" data-magic-cursor-text=\"View\" data-id=\"2\"><\/a>\t\t\t<\/div>\n\t\t<\/article>\n\t\t\t\t<article class=\" popup-item swiper-slide\" data-permalink=\"https:\/\/thewritersjourneyiisff.com\/index.php\/project\/hamdi-alkan\/\">\n\t\t\t<div class=\"portfolio-item-grid post-1716 fw-portfolio type-fw-portfolio status-publish has-post-thumbnail hentry\">\n\t\t\t\t<div class=\"img-block\">\n\t\t\t\t\t\t\t\t\t\t\t<div style=\"background-image: url(https:\/\/thewritersjourneyiisff.com\/wp-content\/uploads\/2025\/10\/WhatsApp-Image-2025-10-04-at-11.54.30-1024x1024.jpeg)\"><\/div>\n\t\t\t\t\t\t\t\t\t<\/div>\n\t\t\t\t<div class=\"content\">\n\t\t\t\t\t<div class=\"num\">03<\/div>\n\t\t\t\t\t<h5 class=\"h\">HAMD\u0130 ALKAN<\/h5>\n\t\t\t\t\t<div class=\"cat\"><\/div>\n\t\t\t\t<\/div>\n\t\t\t\t<a href=\"https:\/\/thewritersjourneyiisff.com\/wp-content\/uploads\/2025\/10\/WhatsApp-Image-2025-10-04-at-11.54.30.jpeg\" data-size=\"1600x1600\" data-magic-cursor=\"link-w-text\" data-magic-cursor-text=\"View\" data-id=\"3\"><\/a>\t\t\t<\/div>\n\t\t<\/article>\n\t\t\t\t<article class=\" popup-item swiper-slide\" data-permalink=\"https:\/\/thewritersjourneyiisff.com\/index.php\/project\/skyfall\/\">\n\t\t\t<div class=\"portfolio-item-grid post-363 fw-portfolio type-fw-portfolio status-publish has-post-thumbnail hentry\">\n\t\t\t\t<div class=\"img-block\">\n\t\t\t\t\t\t\t\t\t\t\t<div style=\"background-image: url(https:\/\/thewritersjourneyiisff.com\/wp-content\/uploads\/2023\/08\/WhatsApp-Image-2023-08-24-at-19.16.11.jpeg)\"><\/div>\n\t\t\t\t\t\t\t\t\t<\/div>\n\t\t\t\t<div class=\"content\">\n\t\t\t\t\t<div class=\"num\">04<\/div>\n\t\t\t\t\t<h5 class=\"h\">ERKAN KOL\u00c7AK K\u00d6STEND\u0130L<\/h5>\n\t\t\t\t\t<div class=\"cat\"><\/div>\n\t\t\t\t<\/div>\n\t\t\t\t<a href=\"https:\/\/thewritersjourneyiisff.com\/wp-content\/uploads\/2023\/08\/WhatsApp-Image-2023-08-24-at-19.16.11.jpeg\" data-size=\"817x1024\" data-magic-cursor=\"link-w-text\" data-magic-cursor-text=\"View\" data-id=\"4\"><\/a>\t\t\t<\/div>\n\t\t<\/article>\n\t\t\t\t<article class=\" popup-item swiper-slide\" data-permalink=\"https:\/\/thewritersjourneyiisff.com\/index.php\/project\/wasteland\/\">\n\t\t\t<div class=\"portfolio-item-grid post-365 fw-portfolio type-fw-portfolio status-publish has-post-thumbnail hentry\">\n\t\t\t\t<div class=\"img-block\">\n\t\t\t\t\t\t\t\t\t\t\t<div style=\"background-image: url(https:\/\/thewritersjourneyiisff.com\/wp-content\/uploads\/2023\/02\/MUSTAFA-KARACAN-legal-adviser-683x1024.jpeg)\"><\/div>\n\t\t\t\t\t\t\t\t\t<\/div>\n\t\t\t\t<div class=\"content\">\n\t\t\t\t\t<div class=\"num\">05<\/div>\n\t\t\t\t\t<h5 class=\"h\">MUSTAFA KARACAN<\/h5>\n\t\t\t\t\t<div class=\"cat\"><\/div>\n\t\t\t\t<\/div>\n\t\t\t\t<a href=\"https:\/\/thewritersjourneyiisff.com\/wp-content\/uploads\/2023\/02\/MUSTAFA-KARACAN-legal-adviser.jpeg\" data-size=\"800x1200\" data-magic-cursor=\"link-w-text\" data-magic-cursor-text=\"View\" data-id=\"5\"><\/a>\t\t\t<\/div>\n\t\t<\/article>\n\t\t\t\t<article class=\" popup-item swiper-slide\" data-permalink=\"https:\/\/thewritersjourneyiisff.com\/index.php\/project\/yasar-senyuz\/\" data-desc=\"\nJury Member\n\">\n\t\t\t<div class=\"portfolio-item-grid post-1565 fw-portfolio type-fw-portfolio status-publish has-post-thumbnail hentry\">\n\t\t\t\t<div class=\"img-block\">\n\t\t\t\t\t\t\t\t\t\t\t<div style=\"background-image: url(https:\/\/thewritersjourneyiisff.com\/wp-content\/uploads\/2023\/02\/ahmet-sisman-chief-Jury-member.jpeg)\"><\/div>\n\t\t\t\t\t\t\t\t\t<\/div>\n\t\t\t\t<div class=\"content\">\n\t\t\t\t\t<div class=\"num\">06<\/div>\n\t\t\t\t\t<h5 class=\"h\">AHMET \u015e\u0130\u015eMAN<\/h5>\n\t\t\t\t\t<div class=\"cat\"><\/div>\n\t\t\t\t<\/div>\n\t\t\t\t<a href=\"https:\/\/thewritersjourneyiisff.com\/wp-content\/uploads\/2023\/02\/ahmet-sisman-chief-Jury-member.jpeg\" data-size=\"170x161\" data-magic-cursor=\"link-w-text\" data-magic-cursor-text=\"View\" data-id=\"6\"><\/a>\t\t\t<\/div>\n\t\t<\/article>\n\t\t\t\t<article class=\" popup-item swiper-slide\" data-permalink=\"https:\/\/thewritersjourneyiisff.com\/index.php\/project\/hakan-solaker\/\" data-desc=\"\nJury Member\n\">\n\t\t\t<div class=\"portfolio-item-grid post-1568 fw-portfolio type-fw-portfolio status-publish has-post-thumbnail hentry\">\n\t\t\t\t<div class=\"img-block\">\n\t\t\t\t\t\t\t\t\t\t\t<div style=\"background-image: url(https:\/\/thewritersjourneyiisff.com\/wp-content\/uploads\/2024\/03\/WhatsApp-Image-2024-03-13-at-15.08.13-2-1024x1024.jpeg)\"><\/div>\n\t\t\t\t\t\t\t\t\t<\/div>\n\t\t\t\t<div class=\"content\">\n\t\t\t\t\t<div class=\"num\">07<\/div>\n\t\t\t\t\t<h5 class=\"h\">EBRU \u00c7\u00d6MLEK\u00c7\u0130<\/h5>\n\t\t\t\t\t<div class=\"cat\"><\/div>\n\t\t\t\t<\/div>\n\t\t\t\t<a href=\"https:\/\/thewritersjourneyiisff.com\/wp-content\/uploads\/2024\/03\/WhatsApp-Image-2024-03-13-at-15.08.13-2.jpeg\" data-size=\"1080x1080\" data-magic-cursor=\"link-w-text\" data-magic-cursor-text=\"View\" data-id=\"7\"><\/a>\t\t\t<\/div>\n\t\t<\/article>\n\t\t\t\t<article class=\" popup-item swiper-slide\" data-permalink=\"https:\/\/thewritersjourneyiisff.com\/index.php\/project\/gorkem-kenanoglu\/\">\n\t\t\t<div class=\"portfolio-item-grid post-1580 fw-portfolio type-fw-portfolio status-publish has-post-thumbnail hentry\">\n\t\t\t\t<div class=\"img-block\">\n\t\t\t\t\t\t\t\t\t\t\t<div style=\"background-image: url(https:\/\/thewritersjourneyiisff.com\/wp-content\/uploads\/2023\/08\/WhatsApp-Image-2023-08-24-at-19.22.16-1024x653.jpeg)\"><\/div>\n\t\t\t\t\t\t\t\t\t<\/div>\n\t\t\t\t<div class=\"content\">\n\t\t\t\t\t<div class=\"num\">08<\/div>\n\t\t\t\t\t<h5 class=\"h\">G\u00d6RKEM KENANO\u011eLU<\/h5>\n\t\t\t\t\t<div class=\"cat\"><\/div>\n\t\t\t\t<\/div>\n\t\t\t\t<a href=\"https:\/\/thewritersjourneyiisff.com\/wp-content\/uploads\/2023\/08\/WhatsApp-Image-2023-08-24-at-19.22.16.jpeg\" data-size=\"1080x689\" data-magic-cursor=\"link-w-text\" data-magic-cursor-text=\"View\" data-id=\"8\"><\/a>\t\t\t<\/div>\n\t\t<\/article>\n\t\t\t\t<article class=\" popup-item swiper-slide\" data-permalink=\"https:\/\/thewritersjourneyiisff.com\/index.php\/project\/erkan-kolcak-kostendil\/\">\n\t\t\t<div class=\"portfolio-item-grid post-1584 fw-portfolio type-fw-portfolio status-publish has-post-thumbnail hentry\">\n\t\t\t\t<div class=\"img-block\">\n\t\t\t\t\t\t\t\t\t\t\t<div style=\"background-image: url(https:\/\/thewritersjourneyiisff.com\/wp-content\/uploads\/2023\/08\/WhatsApp-Image-2023-09-07-at-11.04.43.jpeg)\"><\/div>\n\t\t\t\t\t\t\t\t\t<\/div>\n\t\t\t\t<div class=\"content\">\n\t\t\t\t\t<div class=\"num\">09<\/div>\n\t\t\t\t\t<h5 class=\"h\">CANAN MUTLUER<\/h5>\n\t\t\t\t\t<div class=\"cat\"><\/div>\n\t\t\t\t<\/div>\n\t\t\t\t<a href=\"https:\/\/thewritersjourneyiisff.com\/wp-content\/uploads\/2023\/08\/WhatsApp-Image-2023-09-07-at-11.04.43.jpeg\" data-size=\"856x1024\" data-magic-cursor=\"link-w-text\" data-magic-cursor-text=\"View\" data-id=\"9\"><\/a>\t\t\t<\/div>\n\t\t<\/article>\n\t\t\t\t\t\t\t\t<\/div>\n\t\t\t\t\t<\/div>\n\t\t\t\t<\/div>\n\t\t\t\t<div class=\"portfolio-carousel-full-with\"><\/div>\n\t\t\t\t\t\t[\/vc_column][\/vc_row][vc_row css_animation=&#8221;fadeInUp&#8221; css=&#8221;.vc_custom_1558334696341{padding-top: 40px !important;padding-bottom: 40px !important;}&#8221; uniqid=&#8221;5ce24ce369b16&#8243;][vc_column]      <div class=\"heading-block heading-5cd94337f3a06 tal h-h2 with-dots vc_custom_1677451301877\">\n                  <h2 class=\"h\">MO<span>RE<\/span><\/h2>\n              <\/div>\n          <div class=\"blog-block filter-block blog-5cd943297a57b\">\n                <div class=\" blog-items row isotope blog-grid\">\n                      <div class=\"grid-sizer col-1\"><\/div>\n                                  <article class=\"blog-item  col-12 col-md-4 category-uncategorized\">\n              <div class=\"wrap \">\n                                <div class=\"content\">\n                                      <div class=\"date\">February 26, 2023<\/div>\n                                      <h5 class=\"title\"><a href=\"https:\/\/thewritersjourneyiisff.com\/index.php\/2023\/02\/26\/ataturk-and-the-global-world\/\">Ataturk And The Global World<\/a><\/h5>\n                                      <div class=\"desc\">Mustafa Kemal Atat\u00fcrk was born in 1881 in Thessaloniki, Kocakasim District, in a three-storey pink house on Islahhane Street. His father is Al...<\/div>\n                                      <a class=\"button-style1\" href=\"https:\/\/thewritersjourneyiisff.com\/index.php\/2023\/02\/26\/ataturk-and-the-global-world\/\"><span>Read More<\/span><\/a>\n                                  <\/div>\n              <\/div>\n            <\/article>\n                                  <article class=\"blog-item  col-12 col-md-4 category-uncategorized\">\n              <div class=\"wrap \">\n                                <div class=\"content\">\n                                      <div class=\"date\">February 26, 2023<\/div>\n                                      <h5 class=\"title\"><a href=\"https:\/\/thewritersjourneyiisff.com\/index.php\/2023\/02\/26\/ataturk-cultural-center\/\">Atat\u00fcrk Cultural Center<\/a><\/h5>\n                                      <div class=\"desc\">We are excited that the award ceremony of the first year of our festival will take place at the Atat\u00fcrk Cultural Center, which hosts valuable ...<\/div>\n                                      <a class=\"button-style1\" href=\"https:\/\/thewritersjourneyiisff.com\/index.php\/2023\/02\/26\/ataturk-cultural-center\/\"><span>Read More<\/span><\/a>\n                                  <\/div>\n              <\/div>\n            <\/article>\n                                  <article class=\"blog-item  col-12 col-md-4 category-uncategorized\">\n              <div class=\"wrap \">\n                                <div class=\"content\">\n                                      <div class=\"date\">February 26, 2023<\/div>\n                                      <h5 class=\"title\"><a href=\"https:\/\/thewritersjourneyiisff.com\/index.php\/2023\/02\/26\/rules-terms\/\">Rules & Terms\u00a0<\/a><\/h5>\n                                      <div class=\"desc\">At the end of last year, Bumblebee emerged as one of the big surprise blockbusters of the year. While Transformers movies of the past didn\u2019t f...<\/div>\n                                      <a class=\"button-style1\" href=\"https:\/\/thewritersjourneyiisff.com\/index.php\/2023\/02\/26\/rules-terms\/\"><span>Read More<\/span><\/a>\n                                  <\/div>\n              <\/div>\n            <\/article>\n                  <\/div>\n              <\/div>\n      [\/vc_column][\/vc_row]<\/p>\n<\/section>","protected":false},"excerpt":{"rendered":"<p>[vc_row full_width=&#8221;stretch_row_content_no_spaces&#8221; uniqid=&#8221;5cd93467e61fb&#8221;][vc_column][\/vc_column][\/vc_row][vc_row css=&#8221;.vc_custom_1557739916940{padding-top: 45px !important;padding-bottom: 0px !important;}&#8221; uniqid=&#8221;5cd9387346374&#8243;][vc_column][vc_column_text]From all over the world, the International Istanbul Short Film Festival \/ the Writer&#8217;s Journey is preparing to embrace everyone who is creative, original, brave and has a problem to express. You can be sure that we will help your story get a chance to stand out [&hellip;]<\/p>\n","protected":false},"author":1,"featured_media":0,"parent":0,"menu_order":0,"comment_status":"closed","ping_status":"closed","template":"template-landing.php","meta":{"_acf_changed":false,"footnotes":""},"class_list":["post-577","page","type-page","status-publish","hentry"],"acf":[],"_links":{"self":[{"href":"https:\/\/thewritersjourneyiisff.com\/index.php\/wp-json\/wp\/v2\/pages\/577","targetHints":{"allow":["GET"]}}],"collection":[{"href":"https:\/\/thewritersjourneyiisff.com\/index.php\/wp-json\/wp\/v2\/pages"}],"about":[{"href":"https:\/\/thewritersjourneyiisff.com\/index.php\/wp-json\/wp\/v2\/types\/page"}],"author":[{"embeddable":true,"href":"https:\/\/thewritersjourneyiisff.com\/index.php\/wp-json\/wp\/v2\/users\/1"}],"replies":[{"embeddable":true,"href":"https:\/\/thewritersjourneyiisff.com\/index.php\/wp-json\/wp\/v2\/comments?post=577"}],"version-history":[{"count":7,"href":"https:\/\/thewritersjourneyiisff.com\/index.php\/wp-json\/wp\/v2\/pages\/577\/revisions"}],"predecessor-version":[{"id":1650,"href":"https:\/\/thewritersjourneyiisff.com\/index.php\/wp-json\/wp\/v2\/pages\/577\/revisions\/1650"}],"wp:attachment":[{"href":"https:\/\/thewritersjourneyiisff.com\/index.php\/wp-json\/wp\/v2\/media?parent=577"}],"curies":[{"name":"wp","href":"https:\/\/api.w.org\/{rel}","templated":true}]}}