{"id":592,"date":"2019-04-22T11:59:46","date_gmt":"2019-04-22T11:59:46","guid":{"rendered":"https:\/\/promo-theme.com\/mato\/?page_id=592"},"modified":"2024-09-02T13:09:21","modified_gmt":"2024-09-02T13:09:21","slug":"contact-us-2","status":"publish","type":"page","link":"https:\/\/thewritersjourneyiisff.com\/index.php\/contact-us-2\/","title":{"rendered":"Contact Us!"},"content":{"rendered":"<section class=\"wpb-content-wrapper\"><p>[vc_row full_width=&#8221;stretch_row_content_no_spaces&#8221; uniqid=&#8221;5cda6d888e791&#8243;][vc_column]    <section class=\"banner-area banner-area-5cda6d4d42a44 banner-default\">\n            <div class=\"banner-item tac\" style=\"height: 380px;\">\n        \n    <div class=\"bg-overlay\">\n                        <div class=\"image\" data-parallax=\"true\" data-image-src=\"https:\/\/thewritersjourneyiisff.com\/wp-content\/uploads\/2023\/02\/Adsiz-1280-\u00d7-1280-piksel-Masaustu-Duvar-Kagidi.png\" data-position-y=\"center\" data-speed=\"0.8\"><\/div>\n                                <div class=\"color\"><\/div>\n          <\/div>\n\n            <div class=\"container\">\n          <div class=\"row align-items-center fixed-height\" style=\"height: 380px;\">\n            <div class=\"col\">\n                              <div class=\"heading-block tac\">\n                                      <div class=\"sub-h\">feel free to<\/div>\n                                      <h1 class=\"h\"><span>Contact Us<\/span><\/h1>\n                                  <\/div>\n                          <\/div>\n          <\/div>\n        <\/div>\n      <\/div>\n    <\/section>\n    [\/vc_column][\/vc_row][vc_row][vc_column width=&#8221;1\/2&#8243; css=&#8221;.vc_custom_1557823572261{padding-top: 20px !important;padding-bottom: 80px !important;}&#8221; uniqid=&#8221;5cda7cbd2d333&#8243;]      <div class=\"heading-block heading-5cda6da5f340f tal h-h3 vc_custom_1557823531915\">\n                  <div class=\"sub-h\">LET'S TALK!<\/div>\n                  <h3 class=\"h\">Drop Us a Line<\/h3>\n              <\/div>\n    [vc_column_text el_class=&#8221;text-t1&#8243;]<\/p>\n<div style=\"color: #7c7c7c; max-width: 465px; font-size: 14px;\">Thank you to the people who shared their stories in our. They trusted us and we&#8217;re very grateful for their trust.<\/div>\n<p>[\/vc_column_text]      <div class=\"heading-block heading-5cda6de2570ce tal h-h5\">\n                  <div class=\"sub-h\">phone<\/div>\n                  <h5 class=\"h\">+90 530 703 30 80<\/h5>\n              <\/div>\n          <div class=\"heading-block heading-5cda6e0107fcd tal h-h5\">\n                  <div class=\"sub-h\">e-mail<\/div>\n                  <h5 class=\"h\">official@setenayaci.com<\/h5>\n              <\/div>\n          <div class=\"heading-block heading-5cda6e1879a68 tal h-h5\">\n                  <div class=\"sub-h\">location<\/div>\n                  <h5 class=\"h\">Adres: Asmal\u0131mescit Mah. Ensiz Sk. T\u00fcnel Ge\u00e7idi \u0130\u015f Han\u0131 A Blok\/ Kat :2 No:208 Beyo\u011flu \/ \u0130stanbul<\/h5>\n              <\/div>\n        <div class=\"social-links-block social-links-5cda6e482d3b6 social-links justify-content-flex-start\">\n      <a href=\"#\" target=\"_self\"><i class=\"fab fa-vimeo-square\"><\/i><\/a><a href=\"#\" target=\"_self\"><i class=\"fab fa-facebook-square\"><\/i><\/a><a href=\"https:\/\/www.instagram.com\/setenayuruc\/\" target=\"_self\"><i class=\"fab fa-instagram\"><\/i><\/a><a href=\"https:\/\/twitter.com\/setenayuruc\" target=\"_self\"><i class=\"fab fa-twitter-square\"><\/i><\/a><a href=\"#\" target=\"_self\"><i class=\"fab fa-behance-square\"><\/i><\/a>    <\/div>\n    [\/vc_column][vc_column width=&#8221;1\/2&#8243; css=&#8221;.vc_custom_1558337353999{padding-top: 50px !important;}&#8221; uniqid=&#8221;5cda7d00229ce&#8221;][vc_column_text]<p class=\"wpcf7-contact-form-not-found\"><strong>Error:<\/strong> Contact form not found.<\/p>[\/vc_column_text][\/vc_column][\/vc_row][vc_row full_width=&#8221;stretch_row_content_no_spaces&#8221; uniqid=&#8221;5cda6e9e825a1&#8243;][vc_column][\/vc_column][\/vc_row]<\/p>\n<\/section>","protected":false},"excerpt":{"rendered":"<p>[vc_row full_width=&#8221;stretch_row_content_no_spaces&#8221; uniqid=&#8221;5cda6d888e791&#8243;][vc_column][\/vc_column][\/vc_row][vc_row][vc_column width=&#8221;1\/2&#8243; css=&#8221;.vc_custom_1557823572261{padding-top: 20px !important;padding-bottom: 80px !important;}&#8221; uniqid=&#8221;5cda7cbd2d333&#8243;][vc_column_text el_class=&#8221;text-t1&#8243;] Thank you to the people who shared their stories in our. They trusted us and we&#8217;re very grateful for their trust. [\/vc_column_text][\/vc_column][vc_column width=&#8221;1\/2&#8243; css=&#8221;.vc_custom_1558337353999{padding-top: 50px !important;}&#8221; uniqid=&#8221;5cda7d00229ce&#8221;][vc_column_text][\/vc_column_text][\/vc_column][\/vc_row][vc_row full_width=&#8221;stretch_row_content_no_spaces&#8221; uniqid=&#8221;5cda6e9e825a1&#8243;][vc_column][\/vc_column][\/vc_row]<\/p>\n","protected":false},"author":1,"featured_media":0,"parent":0,"menu_order":0,"comment_status":"closed","ping_status":"closed","template":"template-landing.php","meta":{"_acf_changed":false,"footnotes":""},"class_list":["post-592","page","type-page","status-publish","hentry"],"acf":[],"_links":{"self":[{"href":"https:\/\/thewritersjourneyiisff.com\/index.php\/wp-json\/wp\/v2\/pages\/592","targetHints":{"allow":["GET"]}}],"collection":[{"href":"https:\/\/thewritersjourneyiisff.com\/index.php\/wp-json\/wp\/v2\/pages"}],"about":[{"href":"https:\/\/thewritersjourneyiisff.com\/index.php\/wp-json\/wp\/v2\/types\/page"}],"author":[{"embeddable":true,"href":"https:\/\/thewritersjourneyiisff.com\/index.php\/wp-json\/wp\/v2\/users\/1"}],"replies":[{"embeddable":true,"href":"https:\/\/thewritersjourneyiisff.com\/index.php\/wp-json\/wp\/v2\/comments?post=592"}],"version-history":[{"count":7,"href":"https:\/\/thewritersjourneyiisff.com\/index.php\/wp-json\/wp\/v2\/pages\/592\/revisions"}],"predecessor-version":[{"id":1695,"href":"https:\/\/thewritersjourneyiisff.com\/index.php\/wp-json\/wp\/v2\/pages\/592\/revisions\/1695"}],"wp:attachment":[{"href":"https:\/\/thewritersjourneyiisff.com\/index.php\/wp-json\/wp\/v2\/media?parent=592"}],"curies":[{"name":"wp","href":"https:\/\/api.w.org\/{rel}","templated":true}]}}