{"id":955,"date":"2019-05-08T06:02:37","date_gmt":"2019-05-08T06:02:37","guid":{"rendered":"https:\/\/promo-theme.com\/mato\/?page_id=955"},"modified":"2019-05-08T06:02:37","modified_gmt":"2019-05-08T06:02:37","slug":"carousel-video-portfolio","status":"publish","type":"page","link":"https:\/\/thewritersjourneyiisff.com\/index.php\/carousel-video-portfolio\/","title":{"rendered":"Carousel Video Portfolio"},"content":{"rendered":"<section class=\"wpb-content-wrapper\"><p>[vc_row full_width=&#8221;stretch_row_content_no_spaces&#8221; uniqid=&#8221;5cd26db24ace2&#8243;][vc_column]\t\t\t\t\t\t\t<div class=\"portfolio-carousel-style3 swiper-container portfolio-5cd26d8611e37 popup-gallery\">\n\t\t\t\t\t\t\t\t\t\t\t<div class=\"prev base-icon-back\" data-magic-cursor=\"link-small\"><\/div>\n\t\t\t\t\t\t<div class=\"next base-icon-next-1\" data-magic-cursor=\"link-small\"><\/div>\n\t\t\t\t\t\t\t\t\t\t<div class=\"swiper-wrapper \">\n\t\t\t\t\t\t\t\t<div class=\"swiper-slide popup-item post-357 fw-portfolio type-fw-portfolio status-publish has-post-thumbnail hentry\">\n\t\t\t<div class=\"img\">\n\t\t\t\t<a href=\"https:\/\/thewritersjourneyiisff.com\/wp-content\/uploads\/2023\/02\/WhatsApp-Image-2024-04-22-at-09.02.29.jpeg\" style=\"background-image: url(https:\/\/thewritersjourneyiisff.com\/wp-content\/uploads\/2023\/02\/WhatsApp-Image-2024-04-22-at-09.02.29-1024x654.jpeg)\" data-size=\"1600x1022\" data-magic-cursor=\"link-w-text\" data-magic-cursor-text=\"View\" data-id=\"1\"><\/a>\t\t\t<\/div>\n\t\t\t\t\t\t<div class=\"bottom\">\n\t\t\t\t<h1 class=\"h\">SETENAY ACI<\/h1>\n\t\t\t\t<a class=\"button-style1 permalink\" href=\"https:\/\/thewritersjourneyiisff.com\/index.php\/project\/the-bridge\/\"><span>watch full portfolio<\/span><\/a>\n\t\t\t<\/div>\n\t\t<\/div>\n\t\t\t\t<div class=\"swiper-slide popup-item post-1712 fw-portfolio type-fw-portfolio status-publish has-post-thumbnail hentry\">\n\t\t\t<div class=\"img\">\n\t\t\t\t<a href=\"https:\/\/thewritersjourneyiisff.com\/wp-content\/uploads\/2025\/10\/WhatsApp-Image-2025-10-04-at-11.54.51.jpeg\" style=\"background-image: url(https:\/\/thewritersjourneyiisff.com\/wp-content\/uploads\/2025\/10\/WhatsApp-Image-2025-10-04-at-11.54.51-1024x1024.jpeg)\" data-size=\"1600x1600\" data-magic-cursor=\"link-w-text\" data-magic-cursor-text=\"View\" data-id=\"2\"><\/a>\t\t\t<\/div>\n\t\t\t\t\t\t<div class=\"bottom\">\n\t\t\t\t<h1 class=\"h\">TAMER LEVENT<\/h1>\n\t\t\t\t<a class=\"button-style1 permalink\" href=\"https:\/\/thewritersjourneyiisff.com\/index.php\/project\/tamer-levent\/\"><span>watch full portfolio<\/span><\/a>\n\t\t\t<\/div>\n\t\t<\/div>\n\t\t\t\t<div class=\"swiper-slide popup-item post-1716 fw-portfolio type-fw-portfolio status-publish has-post-thumbnail hentry\">\n\t\t\t<div class=\"img\">\n\t\t\t\t<a href=\"https:\/\/thewritersjourneyiisff.com\/wp-content\/uploads\/2025\/10\/WhatsApp-Image-2025-10-04-at-11.54.30.jpeg\" style=\"background-image: url(https:\/\/thewritersjourneyiisff.com\/wp-content\/uploads\/2025\/10\/WhatsApp-Image-2025-10-04-at-11.54.30-1024x1024.jpeg)\" data-size=\"1600x1600\" data-magic-cursor=\"link-w-text\" data-magic-cursor-text=\"View\" data-id=\"3\"><\/a>\t\t\t<\/div>\n\t\t\t\t\t\t<div class=\"bottom\">\n\t\t\t\t<h1 class=\"h\">HAMD\u0130 ALKAN<\/h1>\n\t\t\t\t<a class=\"button-style1 permalink\" href=\"https:\/\/thewritersjourneyiisff.com\/index.php\/project\/hamdi-alkan\/\"><span>watch full portfolio<\/span><\/a>\n\t\t\t<\/div>\n\t\t<\/div>\n\t\t\t\t<div class=\"swiper-slide popup-item post-363 fw-portfolio type-fw-portfolio status-publish has-post-thumbnail hentry\">\n\t\t\t<div class=\"img\">\n\t\t\t\t<a href=\"https:\/\/thewritersjourneyiisff.com\/wp-content\/uploads\/2023\/08\/WhatsApp-Image-2023-08-24-at-19.16.11.jpeg\" style=\"background-image: url(https:\/\/thewritersjourneyiisff.com\/wp-content\/uploads\/2023\/08\/WhatsApp-Image-2023-08-24-at-19.16.11.jpeg)\" data-size=\"817x1024\" data-magic-cursor=\"link-w-text\" data-magic-cursor-text=\"View\" data-id=\"4\"><\/a>\t\t\t<\/div>\n\t\t\t\t\t\t<div class=\"bottom\">\n\t\t\t\t<h1 class=\"h\">ERKAN KOL\u00c7AK K\u00d6STEND\u0130L<\/h1>\n\t\t\t\t<a class=\"button-style1 permalink\" href=\"https:\/\/thewritersjourneyiisff.com\/index.php\/project\/skyfall\/\"><span>watch full portfolio<\/span><\/a>\n\t\t\t<\/div>\n\t\t<\/div>\n\t\t\t\t<div class=\"swiper-slide popup-item post-365 fw-portfolio type-fw-portfolio status-publish has-post-thumbnail hentry\">\n\t\t\t<div class=\"img\">\n\t\t\t\t<a href=\"https:\/\/thewritersjourneyiisff.com\/wp-content\/uploads\/2023\/02\/MUSTAFA-KARACAN-legal-adviser.jpeg\" style=\"background-image: url(https:\/\/thewritersjourneyiisff.com\/wp-content\/uploads\/2023\/02\/MUSTAFA-KARACAN-legal-adviser-683x1024.jpeg)\" data-size=\"800x1200\" data-magic-cursor=\"link-w-text\" data-magic-cursor-text=\"View\" data-id=\"5\"><\/a>\t\t\t<\/div>\n\t\t\t\t\t\t<div class=\"bottom\">\n\t\t\t\t<h1 class=\"h\">MUSTAFA KARACAN<\/h1>\n\t\t\t\t<a class=\"button-style1 permalink\" href=\"https:\/\/thewritersjourneyiisff.com\/index.php\/project\/wasteland\/\"><span>watch full portfolio<\/span><\/a>\n\t\t\t<\/div>\n\t\t<\/div>\n\t\t\t\t<div class=\"swiper-slide popup-item post-1565 fw-portfolio type-fw-portfolio status-publish has-post-thumbnail hentry\">\n\t\t\t<div class=\"img\">\n\t\t\t\t<a href=\"https:\/\/thewritersjourneyiisff.com\/wp-content\/uploads\/2023\/02\/ahmet-sisman-chief-Jury-member.jpeg\" style=\"background-image: url(https:\/\/thewritersjourneyiisff.com\/wp-content\/uploads\/2023\/02\/ahmet-sisman-chief-Jury-member.jpeg)\" data-size=\"170x161\" data-magic-cursor=\"link-w-text\" data-magic-cursor-text=\"View\" data-id=\"6\"><\/a>\t\t\t<\/div>\n\t\t\t\t\t\t<div class=\"bottom\">\n\t\t\t\t<h1 class=\"h\">AHMET \u015e\u0130\u015eMAN<\/h1>\n\t\t\t\t<a class=\"button-style1 permalink\" href=\"https:\/\/thewritersjourneyiisff.com\/index.php\/project\/yasar-senyuz\/\"><span>watch full portfolio<\/span><\/a>\n\t\t\t<\/div>\n\t\t<\/div>\n\t\t\t\t<div class=\"swiper-slide popup-item post-1568 fw-portfolio type-fw-portfolio status-publish has-post-thumbnail hentry\">\n\t\t\t<div class=\"img\">\n\t\t\t\t<a href=\"https:\/\/thewritersjourneyiisff.com\/wp-content\/uploads\/2024\/03\/WhatsApp-Image-2024-03-13-at-15.08.13-2.jpeg\" style=\"background-image: url(https:\/\/thewritersjourneyiisff.com\/wp-content\/uploads\/2024\/03\/WhatsApp-Image-2024-03-13-at-15.08.13-2-1024x1024.jpeg)\" data-size=\"1080x1080\" data-magic-cursor=\"link-w-text\" data-magic-cursor-text=\"View\" data-id=\"7\"><\/a>\t\t\t<\/div>\n\t\t\t\t\t\t<div class=\"bottom\">\n\t\t\t\t<h1 class=\"h\">EBRU \u00c7\u00d6MLEK\u00c7\u0130<\/h1>\n\t\t\t\t<a class=\"button-style1 permalink\" href=\"https:\/\/thewritersjourneyiisff.com\/index.php\/project\/hakan-solaker\/\"><span>watch full portfolio<\/span><\/a>\n\t\t\t<\/div>\n\t\t<\/div>\n\t\t\t\t<div class=\"swiper-slide popup-item post-1580 fw-portfolio type-fw-portfolio status-publish has-post-thumbnail hentry\">\n\t\t\t<div class=\"img\">\n\t\t\t\t<a href=\"https:\/\/thewritersjourneyiisff.com\/wp-content\/uploads\/2023\/08\/WhatsApp-Image-2023-08-24-at-19.22.16.jpeg\" style=\"background-image: url(https:\/\/thewritersjourneyiisff.com\/wp-content\/uploads\/2023\/08\/WhatsApp-Image-2023-08-24-at-19.22.16-1024x653.jpeg)\" data-size=\"1080x689\" data-magic-cursor=\"link-w-text\" data-magic-cursor-text=\"View\" data-id=\"8\"><\/a>\t\t\t<\/div>\n\t\t\t\t\t\t<div class=\"bottom\">\n\t\t\t\t<h1 class=\"h\">G\u00d6RKEM KENANO\u011eLU<\/h1>\n\t\t\t\t<a class=\"button-style1 permalink\" href=\"https:\/\/thewritersjourneyiisff.com\/index.php\/project\/gorkem-kenanoglu\/\"><span>watch full portfolio<\/span><\/a>\n\t\t\t<\/div>\n\t\t<\/div>\n\t\t\t\t<div class=\"swiper-slide popup-item post-1584 fw-portfolio type-fw-portfolio status-publish has-post-thumbnail hentry\">\n\t\t\t<div class=\"img\">\n\t\t\t\t<a href=\"https:\/\/thewritersjourneyiisff.com\/wp-content\/uploads\/2023\/08\/WhatsApp-Image-2023-09-07-at-11.04.43.jpeg\" style=\"background-image: url(https:\/\/thewritersjourneyiisff.com\/wp-content\/uploads\/2023\/08\/WhatsApp-Image-2023-09-07-at-11.04.43.jpeg)\" data-size=\"856x1024\" data-magic-cursor=\"link-w-text\" data-magic-cursor-text=\"View\" data-id=\"9\"><\/a>\t\t\t<\/div>\n\t\t\t\t\t\t<div class=\"bottom\">\n\t\t\t\t<h1 class=\"h\">CANAN MUTLUER<\/h1>\n\t\t\t\t<a class=\"button-style1 permalink\" href=\"https:\/\/thewritersjourneyiisff.com\/index.php\/project\/erkan-kolcak-kostendil\/\"><span>watch full portfolio<\/span><\/a>\n\t\t\t<\/div>\n\t\t<\/div>\n\t\t\t\t\t\t\t<\/div>\n\t\t\t\t<\/div>\n\t\t\t\t\t\t[\/vc_column][\/vc_row]<\/p>\n<\/section>","protected":false},"excerpt":{"rendered":"<p>[vc_row full_width=&#8221;stretch_row_content_no_spaces&#8221; uniqid=&#8221;5cd26db24ace2&#8243;][vc_column][\/vc_column][\/vc_row]<\/p>\n","protected":false},"author":1,"featured_media":0,"parent":0,"menu_order":0,"comment_status":"closed","ping_status":"closed","template":"template-landing.php","meta":{"_acf_changed":false,"footnotes":""},"class_list":["post-955","page","type-page","status-publish","hentry"],"acf":[],"_links":{"self":[{"href":"https:\/\/thewritersjourneyiisff.com\/index.php\/wp-json\/wp\/v2\/pages\/955","targetHints":{"allow":["GET"]}}],"collection":[{"href":"https:\/\/thewritersjourneyiisff.com\/index.php\/wp-json\/wp\/v2\/pages"}],"about":[{"href":"https:\/\/thewritersjourneyiisff.com\/index.php\/wp-json\/wp\/v2\/types\/page"}],"author":[{"embeddable":true,"href":"https:\/\/thewritersjourneyiisff.com\/index.php\/wp-json\/wp\/v2\/users\/1"}],"replies":[{"embeddable":true,"href":"https:\/\/thewritersjourneyiisff.com\/index.php\/wp-json\/wp\/v2\/comments?post=955"}],"version-history":[{"count":0,"href":"https:\/\/thewritersjourneyiisff.com\/index.php\/wp-json\/wp\/v2\/pages\/955\/revisions"}],"wp:attachment":[{"href":"https:\/\/thewritersjourneyiisff.com\/index.php\/wp-json\/wp\/v2\/media?parent=955"}],"curies":[{"name":"wp","href":"https:\/\/api.w.org\/{rel}","templated":true}]}}